{"id":36,"date":"2025-04-29T11:54:52","date_gmt":"2025-04-29T11:54:52","guid":{"rendered":"https:\/\/argian.org\/www\/?page_id=36"},"modified":"2025-06-26T13:15:51","modified_gmt":"2025-06-26T13:15:51","slug":"trauma","status":"publish","type":"page","link":"https:\/\/argian.org\/www\/trauma\/","title":{"rendered":"Trauma"},"content":{"rendered":"\t\t<div data-elementor-type=\"wp-page\" data-elementor-id=\"36\" class=\"elementor elementor-36\" data-elementor-post-type=\"page\">\n\t\t\t\t<div class=\"elementor-element elementor-element-639a2930 e-con-full e-flex e-con e-parent\" data-id=\"639a2930\" data-element_type=\"container\" data-e-type=\"container\" data-settings=\"{&quot;background_background&quot;:&quot;classic&quot;}\">\n\t\t\t\t<div class=\"elementor-element elementor-element-5459fbb4 elementor-widget elementor-widget-heading\" data-id=\"5459fbb4\" data-element_type=\"widget\" data-e-type=\"widget\" data-widget_type=\"heading.default\">\n\t\t\t\t\t<h2 class=\"elementor-heading-title elementor-size-default\">Trauma desde<br>una mirada<br>integradora<\/h2>\t\t\t\t<\/div>\n\t\t\t\t<\/div>\n\t\t<div class=\"elementor-element elementor-element-6c09f0a6 e-con-full bg-trauma anim-color  e-flex e-con e-parent\" data-id=\"6c09f0a6\" data-element_type=\"container\" data-e-type=\"container\">\n\t\t\t\t<div class=\"elementor-element elementor-element-53b602a5 elementor-widget__width-initial elementor-widget-tablet__width-inherit elementor-widget elementor-widget-text-editor\" data-id=\"53b602a5\" data-element_type=\"widget\" data-e-type=\"widget\" data-widget_type=\"text-editor.default\">\n\t\t\t\t\t\t\t\t\t<p>En esta formaci\u00f3n veremos c\u00f3mo abordar y entender el trauma desde una mirada integradora. Es una formaci\u00f3n te\u00f3rica y experiencial, desde una perspectiva gest\u00e1ltica, donde poder adquirir recursos y herramientas para aplicar en tu trabajo terap\u00e9utico.<\/p>\t\t\t\t\t\t\t\t<\/div>\n\t\t\t\t<\/div>\n\t\t<div class=\"elementor-element elementor-element-5b6d9650 e-con-full e-flex e-con e-parent\" data-id=\"5b6d9650\" data-element_type=\"container\" data-e-type=\"container\">\n\t\t<div class=\"elementor-element elementor-element-730217b e-con-full e-flex e-con e-child\" data-id=\"730217b\" data-element_type=\"container\" data-e-type=\"container\">\n\t\t\t\t<div class=\"elementor-element elementor-element-14162b51 elementor-widget elementor-widget-heading\" data-id=\"14162b51\" data-element_type=\"widget\" data-e-type=\"widget\" data-widget_type=\"heading.default\">\n\t\t\t\t\t<h2 class=\"elementor-heading-title elementor-size-default\">contenido<\/h2>\t\t\t\t<\/div>\n\t\t\t\t<\/div>\n\t\t<div class=\"elementor-element elementor-element-74a2480c e-con-full e-flex e-con e-child\" data-id=\"74a2480c\" data-element_type=\"container\" data-e-type=\"container\">\n\t\t\t\t<div class=\"elementor-element elementor-element-7e7ff6c8 elementor-widget__width-initial elementor-widget-tablet__width-inherit elementor-widget elementor-widget-text-editor\" data-id=\"7e7ff6c8\" data-element_type=\"widget\" data-e-type=\"widget\" data-widget_type=\"text-editor.default\">\n\t\t\t\t\t\t\t\t\t<ul><li>Introducci\u00f3n al trauma<\/li><li>Trauma desde una perspectiva psicodram\u00e1tica<\/li><li>Trauma perinatal desde el Body Mind Movement<\/li><li>Trauma y Apego<\/li><li>Teor\u00eda polivagal<\/li><li>Trauma en infancia y adolescencia<\/li><li>Trauma transgeneracional desde una perspectiva sist\u00e9mica<\/li><li>Trauma y arte; recursos desde la Arteterapia<\/li><li>Trauma y formaci\u00f3n del car\u00e1cter<\/li><li>Trauma y dimensi\u00f3n m\u00edtico-existencial<\/li><li>Supervisi\u00f3n de casos<\/li><\/ul>\t\t\t\t\t\t\t\t<\/div>\n\t\t\t\t<\/div>\n\t\t\t\t<\/div>\n\t\t<div class=\"elementor-element elementor-element-532ffeaf e-con-full e-flex e-con e-parent\" data-id=\"532ffeaf\" data-element_type=\"container\" data-e-type=\"container\">\n\t\t<div class=\"elementor-element elementor-element-1c48795d e-con-full e-flex e-con e-child\" data-id=\"1c48795d\" data-element_type=\"container\" data-e-type=\"container\">\n\t\t\t\t<div class=\"elementor-element elementor-element-c878288 elementor-widget elementor-widget-heading\" data-id=\"c878288\" data-element_type=\"widget\" data-e-type=\"widget\" data-widget_type=\"heading.default\">\n\t\t\t\t\t<h2 class=\"elementor-heading-title elementor-size-default\">metodolog\u00eda<\/h2>\t\t\t\t<\/div>\n\t\t\t\t<\/div>\n\t\t<div class=\"elementor-element elementor-element-47b20316 e-con-full e-flex e-con e-child\" data-id=\"47b20316\" data-element_type=\"container\" data-e-type=\"container\">\n\t\t\t\t<div class=\"elementor-element elementor-element-140a459a elementor-widget__width-initial elementor-widget-mobile__width-inherit elementor-widget elementor-widget-text-editor\" data-id=\"140a459a\" data-element_type=\"widget\" data-e-type=\"widget\" data-widget_type=\"text-editor.default\">\n\t\t\t\t\t\t\t\t\t<p>La orientaci\u00f3n de la formaci\u00f3n tendr\u00e1 una metodolog\u00eda vivencial, incluyendo una did\u00e1ctica de t\u00e9cnicas, abordajes y herramientas a tener en cuenta a la hora del desarrollo de nuestro quehacer terap\u00e9utico.<\/p>\t\t\t\t\t\t\t\t<\/div>\n\t\t\t\t<\/div>\n\t\t\t\t<\/div>\n\t\t<div class=\"elementor-element elementor-element-7a7b32bb e-con-full bg-azul anim-color e-flex e-con e-parent\" data-id=\"7a7b32bb\" data-element_type=\"container\" data-e-type=\"container\">\n\t\t<div class=\"elementor-element elementor-element-8fff40b e-con-full e-flex e-con e-child\" data-id=\"8fff40b\" data-element_type=\"container\" data-e-type=\"container\">\n\t\t<div class=\"elementor-element elementor-element-38939c3d e-con-full e-flex e-con e-child\" data-id=\"38939c3d\" data-element_type=\"container\" data-e-type=\"container\">\n\t\t\t\t<div class=\"elementor-element elementor-element-49f7060f elementor-widget__width-initial elementor-widget-mobile__width-inherit elementor-widget elementor-widget-text-editor\" data-id=\"49f7060f\" data-element_type=\"widget\" data-e-type=\"widget\" data-widget_type=\"text-editor.default\">\n\t\t\t\t\t\t\t\t\t<p>DURACI\u00d3N<\/p><p>145 horas distribuidas en 12 m\u00f3dulos a lo largo de un a\u00f1o de formaci\u00f3n. Solo est\u00e1 permitido faltar al 20% de las horas, es decir, 2 m\u00f3dulos, los cuales habr\u00e1 que abonar igualmente.<\/p>\t\t\t\t\t\t\t\t<\/div>\n\t\t\t\t<\/div>\n\t\t<div class=\"elementor-element elementor-element-120026b5 e-con-full e-flex e-con e-child\" data-id=\"120026b5\" data-element_type=\"container\" data-e-type=\"container\">\n\t\t\t\t<\/div>\n\t\t\t\t<\/div>\n\t\t<div class=\"elementor-element elementor-element-6031b72 e-con-full e-flex e-con e-child\" data-id=\"6031b72\" data-element_type=\"container\" data-e-type=\"container\">\n\t\t<div class=\"elementor-element elementor-element-2b0acdb e-con-full e-flex e-con e-child\" data-id=\"2b0acdb\" data-element_type=\"container\" data-e-type=\"container\">\n\t\t\t\t<div class=\"elementor-element elementor-element-83381d9 elementor-widget__width-initial elementor-widget-mobile__width-inherit elementor-widget elementor-widget-text-editor\" data-id=\"83381d9\" data-element_type=\"widget\" data-e-type=\"widget\" data-widget_type=\"text-editor.default\">\n\t\t\t\t\t\t\t\t\t<p>PROFESORADO<\/p><p>Tenemos la suerte de contar con profesionales de una larga experiencia<\/p>\t\t\t\t\t\t\t\t<\/div>\n\t\t\t\t<\/div>\n\t\t<div class=\"elementor-element elementor-element-24b9071 e-con-full e-flex e-con e-child\" data-id=\"24b9071\" data-element_type=\"container\" data-e-type=\"container\">\n\t\t\t\t<div class=\"elementor-element elementor-element-ae08b81 elementor-widget__width-initial elementor-widget-tablet__width-inherit elementor-widget elementor-widget-text-editor\" data-id=\"ae08b81\" data-element_type=\"widget\" data-e-type=\"widget\" data-widget_type=\"text-editor.default\">\n\t\t\t\t\t\t\t\t\t<p>Juan Carlos Calvo<\/p><p>I\u00f1aki Zapirain<\/p><p>Mar\u00eda Angeles Becerro<\/p><p>Lolique Lorente<\/p><p>Margarita de la Torre<\/p><p>Eugenia Espinosa<\/p><p>Sara Fernandez Wolf<\/p><p>Vanessa Dorotea Sanchez<\/p><p>Juan Carlos Egurcegui<\/p>\t\t\t\t\t\t\t\t<\/div>\n\t\t\t\t<\/div>\n\t\t\t\t<\/div>\n\t\t<div class=\"elementor-element elementor-element-34ce851f e-con-full e-flex e-con e-child\" data-id=\"34ce851f\" data-element_type=\"container\" data-e-type=\"container\">\n\t\t<div class=\"elementor-element elementor-element-1b71c682 e-con-full e-flex e-con e-child\" data-id=\"1b71c682\" data-element_type=\"container\" data-e-type=\"container\">\n\t\t\t\t<div class=\"elementor-element elementor-element-29c0cda4 elementor-widget__width-initial elementor-widget elementor-widget-text-editor\" data-id=\"29c0cda4\" data-element_type=\"widget\" data-e-type=\"widget\" data-widget_type=\"text-editor.default\">\n\t\t\t\t\t\t\t\t\t<p>DIRECCI\u00d3N<\/p>\t\t\t\t\t\t\t\t<\/div>\n\t\t\t\t<\/div>\n\t\t<div class=\"elementor-element elementor-element-3e152421 e-con-full e-flex e-con e-child\" data-id=\"3e152421\" data-element_type=\"container\" data-e-type=\"container\">\n\t\t\t\t<div class=\"elementor-element elementor-element-bc5eb4d elementor-widget__width-initial elementor-widget-laptop__width-inherit elementor-widget elementor-widget-text-editor\" data-id=\"bc5eb4d\" data-element_type=\"widget\" data-e-type=\"widget\" data-widget_type=\"text-editor.default\">\n\t\t\t\t\t\t\t\t\t<p>Juan Carlos Calvo e I\u00f1aki Zapirain<\/p>\t\t\t\t\t\t\t\t<\/div>\n\t\t\t\t<\/div>\n\t\t\t\t<\/div>\n\t\t<div class=\"elementor-element elementor-element-64d27141 e-con-full e-flex e-con e-child\" data-id=\"64d27141\" data-element_type=\"container\" data-e-type=\"container\">\n\t\t<div class=\"elementor-element elementor-element-32718150 e-con-full e-flex e-con e-child\" data-id=\"32718150\" data-element_type=\"container\" data-e-type=\"container\">\n\t\t\t\t<div class=\"elementor-element elementor-element-16c8fa32 elementor-widget__width-initial elementor-widget elementor-widget-text-editor\" data-id=\"16c8fa32\" data-element_type=\"widget\" data-e-type=\"widget\" data-widget_type=\"text-editor.default\">\n\t\t\t\t\t\t\t\t\t<p>COORDINACI\u00d3N<\/p>\t\t\t\t\t\t\t\t<\/div>\n\t\t\t\t<\/div>\n\t\t<div class=\"elementor-element elementor-element-6ebc6776 e-con-full e-flex e-con e-child\" data-id=\"6ebc6776\" data-element_type=\"container\" data-e-type=\"container\">\n\t\t\t\t<div class=\"elementor-element elementor-element-6e69e24b elementor-widget__width-initial elementor-widget elementor-widget-text-editor\" data-id=\"6e69e24b\" data-element_type=\"widget\" data-e-type=\"widget\" data-widget_type=\"text-editor.default\">\n\t\t\t\t\t\t\t\t\t<p>Argian<\/p>\t\t\t\t\t\t\t\t<\/div>\n\t\t\t\t<\/div>\n\t\t\t\t<\/div>\n\t\t<div class=\"elementor-element elementor-element-322af66c e-con-full e-flex e-con e-child\" data-id=\"322af66c\" data-element_type=\"container\" data-e-type=\"container\">\n\t\t<div class=\"elementor-element elementor-element-6b602f69 e-con-full e-flex e-con e-child\" data-id=\"6b602f69\" data-element_type=\"container\" data-e-type=\"container\">\n\t\t\t\t<div class=\"elementor-element elementor-element-991cb89 elementor-widget__width-initial elementor-widget elementor-widget-image\" data-id=\"991cb89\" data-element_type=\"widget\" data-e-type=\"widget\" data-widget_type=\"image.default\">\n\t\t\t\t\t\t\t\t\t\t\t\t\t\t\t<img fetchpriority=\"high\" decoding=\"async\" width=\"491\" height=\"781\" src=\"https:\/\/argian.org\/www\/wp-content\/uploads\/2025\/06\/trauma-link-WhatsApp-Image-2025-06-02-at-17.18-copia.png\" class=\"attachment-full size-full wp-image-1663\" alt=\"\" srcset=\"https:\/\/argian.org\/www\/wp-content\/uploads\/2025\/06\/trauma-link-WhatsApp-Image-2025-06-02-at-17.18-copia.png 491w, https:\/\/argian.org\/www\/wp-content\/uploads\/2025\/06\/trauma-link-WhatsApp-Image-2025-06-02-at-17.18-copia-189x300.png 189w\" sizes=\"(max-width: 491px) 100vw, 491px\" \/>\t\t\t\t\t\t\t\t\t\t\t\t\t\t\t<\/div>\n\t\t\t\t<div class=\"elementor-element elementor-element-6de85e4 elementor-widget elementor-widget-text-editor\" data-id=\"6de85e4\" data-element_type=\"widget\" data-e-type=\"widget\" data-widget_type=\"text-editor.default\">\n\t\t\t\t\t\t\t\t\t<h2><a href=\"https:\/\/www.formacionentrauma.com\/\" target=\"_blank\" rel=\"noopener\">Descargar Dossier<\/a><\/h2>\t\t\t\t\t\t\t\t<\/div>\n\t\t\t\t<\/div>\n\t\t<div class=\"elementor-element elementor-element-44376372 e-con-full elementor-hidden-tablet e-flex e-con e-child\" data-id=\"44376372\" data-element_type=\"container\" data-e-type=\"container\">\n\t\t\t\t<\/div>\n\t\t\t\t<\/div>\n\t\t<div class=\"elementor-element elementor-element-222ade1 e-con-full e-flex e-con e-child\" data-id=\"222ade1\" data-element_type=\"container\" data-e-type=\"container\">\n\t\t<div class=\"elementor-element elementor-element-203f83e e-con-full e-flex e-con e-child\" data-id=\"203f83e\" data-element_type=\"container\" data-e-type=\"container\">\n\t\t\t\t<div class=\"elementor-element elementor-element-aebed35 elementor-widget elementor-widget-text-editor\" data-id=\"aebed35\" data-element_type=\"widget\" data-e-type=\"widget\" data-widget_type=\"text-editor.default\">\n\t\t\t\t\t\t\t\t\t<p>* La Formaci\u00f3n va dirigida a terapeutas que ya hayan realizado una formaci\u00f3n y deseen ampliar sus conocimientos y t\u00e9cnicas relativas al \u00e1mbito de la Terapia Sist\u00e9mica Gest\u00e1ltica.<br \/>* Las personas que deseen participar en la Formaci\u00f3n tendr\u00e1n un encuentro preliminar con el coordinador.<br \/>* Plazas limitadas.<\/p>\t\t\t\t\t\t\t\t<\/div>\n\t\t\t\t<\/div>\n\t\t<div class=\"elementor-element elementor-element-1cf5192 e-con-full elementor-hidden-tablet e-flex e-con e-child\" data-id=\"1cf5192\" data-element_type=\"container\" data-e-type=\"container\">\n\t\t\t\t<\/div>\n\t\t\t\t<\/div>\n\t\t\t\t<\/div>\n\t\t<div class=\"elementor-element elementor-element-60825f14 e-con-full bg-faro anim-color e-flex e-con e-parent\" data-id=\"60825f14\" data-element_type=\"container\" data-e-type=\"container\" --dur-color=\"\">\n\t\t\t\t<div class=\"elementor-element elementor-element-3612630b elementor-widget elementor-widget-heading\" data-id=\"3612630b\" data-element_type=\"widget\" data-e-type=\"widget\" data-widget_type=\"heading.default\">\n\t\t\t\t\t<h2 class=\"elementor-heading-title elementor-size-default\">\u00a1Continuemos con el viaje, <br>\nlos faros nos gu\u00edan!<\/h2>\t\t\t\t<\/div>\n\t\t\t\t<div class=\"elementor-element elementor-element-67366b72 anim-pulse elementor-widget elementor-widget-button\" data-id=\"67366b72\" data-element_type=\"widget\" data-e-type=\"widget\" data-widget_type=\"button.default\">\n\t\t\t\t\t\t\t\t\t\t<a class=\"elementor-button elementor-button-link elementor-size-sm\" href=\"https:\/\/argian.org\/www\/contacto\">\n\t\t\t\t\t\t<span class=\"elementor-button-content-wrapper\">\n\t\t\t\t\t\t\t\t\t<span class=\"elementor-button-text\">Cont\u00e1ctanos<\/span>\n\t\t\t\t\t<\/span>\n\t\t\t\t\t<\/a>\n\t\t\t\t\t\t\t\t<\/div>\n\t\t\t\t<\/div>\n\t\t\t\t<\/div>\n\t\t","protected":false},"excerpt":{"rendered":"<p>Trauma desdeuna miradaintegradora En esta formaci\u00f3n veremos c\u00f3mo abordar y entender el trauma desde una mirada integradora. Es una formaci\u00f3n te\u00f3rica y experiencial, desde una perspectiva gest\u00e1ltica, donde poder adquirir recursos y herramientas para aplicar en tu trabajo terap\u00e9utico. contenido Introducci\u00f3n al trauma Trauma desde una perspectiva psicodram\u00e1tica Trauma perinatal desde el Body Mind Movement [&hellip;]<\/p>\n","protected":false},"author":1,"featured_media":0,"parent":0,"menu_order":0,"comment_status":"closed","ping_status":"closed","template":"elementor_header_footer","meta":{"footnotes":""},"class_list":["post-36","page","type-page","status-publish","hentry"],"_links":{"self":[{"href":"https:\/\/argian.org\/www\/wp-json\/wp\/v2\/pages\/36","targetHints":{"allow":["GET"]}}],"collection":[{"href":"https:\/\/argian.org\/www\/wp-json\/wp\/v2\/pages"}],"about":[{"href":"https:\/\/argian.org\/www\/wp-json\/wp\/v2\/types\/page"}],"author":[{"embeddable":true,"href":"https:\/\/argian.org\/www\/wp-json\/wp\/v2\/users\/1"}],"replies":[{"embeddable":true,"href":"https:\/\/argian.org\/www\/wp-json\/wp\/v2\/comments?post=36"}],"version-history":[{"count":55,"href":"https:\/\/argian.org\/www\/wp-json\/wp\/v2\/pages\/36\/revisions"}],"predecessor-version":[{"id":1907,"href":"https:\/\/argian.org\/www\/wp-json\/wp\/v2\/pages\/36\/revisions\/1907"}],"wp:attachment":[{"href":"https:\/\/argian.org\/www\/wp-json\/wp\/v2\/media?parent=36"}],"curies":[{"name":"wp","href":"https:\/\/api.w.org\/{rel}","templated":true}]}}