{"id":30,"date":"2025-04-29T11:53:54","date_gmt":"2025-04-29T11:53:54","guid":{"rendered":"https:\/\/argian.org\/www\/?page_id=30"},"modified":"2025-06-26T13:09:57","modified_gmt":"2025-06-26T13:09:57","slug":"espacio-de-supervision","status":"publish","type":"page","link":"https:\/\/argian.org\/www\/espacio-de-supervision\/","title":{"rendered":"Espacio de supervisi\u00f3n"},"content":{"rendered":"\t\t<div data-elementor-type=\"wp-page\" data-elementor-id=\"30\" class=\"elementor elementor-30\" data-elementor-post-type=\"page\">\n\t\t\t\t<div class=\"elementor-element elementor-element-36503ed e-con-full e-flex e-con e-parent\" data-id=\"36503ed\" data-element_type=\"container\" data-e-type=\"container\" data-settings=\"{&quot;background_background&quot;:&quot;classic&quot;}\">\n\t\t\t\t<div class=\"elementor-element elementor-element-a94e911 elementor-widget elementor-widget-heading\" data-id=\"a94e911\" data-element_type=\"widget\" data-e-type=\"widget\" data-widget_type=\"heading.default\">\n\t\t\t\t\t<h2 class=\"elementor-heading-title elementor-size-default\">Espacio de <br>Supervisi\u00f3n<\/h2>\t\t\t\t<\/div>\n\t\t\t\t<\/div>\n\t\t<div class=\"elementor-element elementor-element-cfa927d e-con-full bg-sistemica-2 anim-color e-flex e-con e-parent\" data-id=\"cfa927d\" data-element_type=\"container\" data-e-type=\"container\">\n\t\t<div class=\"elementor-element elementor-element-1cf7312 e-con-full e-flex e-con e-child\" data-id=\"1cf7312\" data-element_type=\"container\" data-e-type=\"container\">\n\t\t\t\t<div class=\"elementor-element elementor-element-808426a elementor-widget__width-initial elementor-widget elementor-widget-image\" data-id=\"808426a\" data-element_type=\"widget\" data-e-type=\"widget\" data-widget_type=\"image.default\">\n\t\t\t\t\t\t\t\t\t\t\t\t\t\t\t<img fetchpriority=\"high\" decoding=\"async\" width=\"1365\" height=\"2048\" src=\"https:\/\/argian.org\/www\/wp-content\/uploads\/2025\/05\/supervision-1.webp\" class=\"attachment-full size-full wp-image-1278\" alt=\"\" srcset=\"https:\/\/argian.org\/www\/wp-content\/uploads\/2025\/05\/supervision-1.webp 1365w, https:\/\/argian.org\/www\/wp-content\/uploads\/2025\/05\/supervision-1-200x300.webp 200w, https:\/\/argian.org\/www\/wp-content\/uploads\/2025\/05\/supervision-1-683x1024.webp 683w, https:\/\/argian.org\/www\/wp-content\/uploads\/2025\/05\/supervision-1-768x1152.webp 768w, https:\/\/argian.org\/www\/wp-content\/uploads\/2025\/05\/supervision-1-1024x1536.webp 1024w\" sizes=\"(max-width: 1365px) 100vw, 1365px\" \/>\t\t\t\t\t\t\t\t\t\t\t\t\t\t\t<\/div>\n\t\t\t\t<\/div>\n\t\t<div class=\"elementor-element elementor-element-350de75 e-con-full e-flex e-con e-child\" data-id=\"350de75\" data-element_type=\"container\" data-e-type=\"container\">\n\t\t\t\t<div class=\"elementor-element elementor-element-5aba0fd elementor-widget__width-initial elementor-widget-mobile__width-inherit elementor-widget elementor-widget-text-editor\" data-id=\"5aba0fd\" data-element_type=\"widget\" data-e-type=\"widget\" data-widget_type=\"text-editor.default\">\n\t\t\t\t\t\t\t\t\t<p>Este espacio permite a profesionales de la psicoterapia, psicolog\u00eda y acompa\u00f1amiento humano abordar temas de su pr\u00e1ctica diaria, expresar inquietudes y profundizar en las dificultades que surgen en el proceso terap\u00e9utico.<\/p>\t\t\t\t\t\t\t\t<\/div>\n\t\t\t\t<div class=\"elementor-element elementor-element-f31d30e elementor-widget__width-initial elementor-widget-mobile__width-inherit elementor-widget elementor-widget-text-editor\" data-id=\"f31d30e\" data-element_type=\"widget\" data-e-type=\"widget\" data-widget_type=\"text-editor.default\">\n\t\t\t\t\t\t\t\t\t<p>A partir de la figura de Quir\u00f3n, el \u201cSanador herido\u201d, se traza un paralelismo con la terapia Gest\u00e1ltica, donde el autoconocimiento del terapeuta es clave. <br \/>La experiencia personal del terapeuta mejora su empat\u00eda, percepci\u00f3n y capacidad de escucha profunda, lo que enriquece el proceso de sanaci\u00f3n del paciente.<\/p>\t\t\t\t\t\t\t\t<\/div>\n\t\t\t\t<\/div>\n\t\t\t\t<\/div>\n\t\t<div class=\"elementor-element elementor-element-c528a11 e-con-full bg-supervision anim-color e-flex e-con e-parent\" data-id=\"c528a11\" data-element_type=\"container\" data-e-type=\"container\">\n\t\t\t\t<div class=\"elementor-element elementor-element-382cdf6 elementor-widget__width-initial anim-pulse elementor-widget elementor-widget-heading\" data-id=\"382cdf6\" data-element_type=\"widget\" data-e-type=\"widget\" data-settings=\"{&quot;motion_fx_motion_fx_scrolling&quot;:&quot;yes&quot;,&quot;motion_fx_opacity_effect&quot;:&quot;yes&quot;,&quot;motion_fx_opacity_range&quot;:{&quot;unit&quot;:&quot;%&quot;,&quot;size&quot;:&quot;&quot;,&quot;sizes&quot;:{&quot;start&quot;:40,&quot;end&quot;:59}},&quot;motion_fx_opacity_direction&quot;:&quot;out-in&quot;,&quot;motion_fx_opacity_level&quot;:{&quot;unit&quot;:&quot;px&quot;,&quot;size&quot;:10,&quot;sizes&quot;:[]},&quot;motion_fx_devices&quot;:[&quot;widescreen&quot;,&quot;desktop&quot;,&quot;laptop&quot;,&quot;tablet_extra&quot;,&quot;tablet&quot;,&quot;mobile&quot;]}\" data-widget_type=\"heading.default\">\n\t\t\t\t\t<h2 class=\"elementor-heading-title elementor-size-default\">Asomarnos con una mirada m\u00e1s amplia al misterioso \u00e1mbito del encuentro humano, en direcci\u00f3n a un acompa\u00f1amiento genuino hacia ese ser herido o perdido en ese tramo dif\u00edcil y delicado de su vida<\/h2>\t\t\t\t<\/div>\n\t\t\t\t<\/div>\n\t\t<div class=\"elementor-element elementor-element-6786c0d e-con-full e-flex e-con e-parent\" data-id=\"6786c0d\" data-element_type=\"container\" data-e-type=\"container\">\n\t\t<div class=\"elementor-element elementor-element-68be508 e-con-full e-flex e-con e-child\" data-id=\"68be508\" data-element_type=\"container\" data-e-type=\"container\">\n\t\t\t\t<div class=\"elementor-element elementor-element-4449189 elementor-widget elementor-widget-image\" data-id=\"4449189\" data-element_type=\"widget\" data-e-type=\"widget\" data-widget_type=\"image.default\">\n\t\t\t\t\t\t\t\t\t\t\t\t\t\t\t<img decoding=\"async\" width=\"2048\" height=\"1536\" src=\"https:\/\/argian.org\/www\/wp-content\/uploads\/2025\/05\/supervision-2.webp\" class=\"attachment-full size-full wp-image-1276\" alt=\"\" srcset=\"https:\/\/argian.org\/www\/wp-content\/uploads\/2025\/05\/supervision-2.webp 2048w, https:\/\/argian.org\/www\/wp-content\/uploads\/2025\/05\/supervision-2-300x225.webp 300w, https:\/\/argian.org\/www\/wp-content\/uploads\/2025\/05\/supervision-2-1024x768.webp 1024w, https:\/\/argian.org\/www\/wp-content\/uploads\/2025\/05\/supervision-2-768x576.webp 768w, https:\/\/argian.org\/www\/wp-content\/uploads\/2025\/05\/supervision-2-1536x1152.webp 1536w\" sizes=\"(max-width: 2048px) 100vw, 2048px\" \/>\t\t\t\t\t\t\t\t\t\t\t\t\t\t\t<\/div>\n\t\t\t\t<\/div>\n\t\t<div class=\"elementor-element elementor-element-718e34b e-con-full e-flex e-con e-child\" data-id=\"718e34b\" data-element_type=\"container\" data-e-type=\"container\">\n\t\t\t\t<div class=\"elementor-element elementor-element-aab4e13 elementor-widget__width-initial elementor-widget-mobile__width-inherit elementor-widget elementor-widget-text-editor\" data-id=\"aab4e13\" data-element_type=\"widget\" data-e-type=\"widget\" data-widget_type=\"text-editor.default\">\n\t\t\t\t\t\t\t\t\t<p>Adem\u00e1s de profundizar en t\u00e9cnicas terap\u00e9uticas, se realizar\u00e1n pr\u00e1cticas de percepci\u00f3n y escucha profunda, junto con lecturas y visionado de pel\u00edculas para comprender aspectos emocionales, psicol\u00f3gicos y familiares. <br \/>Tambi\u00e9n habr\u00e1 di\u00e1logos y an\u00e1lisis personales para mejorar la claridad en las sesiones terap\u00e9uticas.<\/p>\t\t\t\t\t\t\t\t<\/div>\n\t\t\t\t<\/div>\n\t\t\t\t<\/div>\n\t\t<div class=\"elementor-element elementor-element-4d6c073 e-con-full bg-formacion anim-color e-flex e-con e-parent\" data-id=\"4d6c073\" data-element_type=\"container\" data-e-type=\"container\">\n\t\t\t\t<div class=\"elementor-element elementor-element-b85be95 elementor-widget__width-initial anim-pulse elementor-widget elementor-widget-heading\" data-id=\"b85be95\" data-element_type=\"widget\" data-e-type=\"widget\" data-settings=\"{&quot;motion_fx_motion_fx_scrolling&quot;:&quot;yes&quot;,&quot;motion_fx_opacity_effect&quot;:&quot;yes&quot;,&quot;motion_fx_opacity_range&quot;:{&quot;unit&quot;:&quot;%&quot;,&quot;size&quot;:&quot;&quot;,&quot;sizes&quot;:{&quot;start&quot;:40,&quot;end&quot;:59}},&quot;motion_fx_opacity_direction&quot;:&quot;out-in&quot;,&quot;motion_fx_opacity_level&quot;:{&quot;unit&quot;:&quot;px&quot;,&quot;size&quot;:10,&quot;sizes&quot;:[]},&quot;motion_fx_devices&quot;:[&quot;widescreen&quot;,&quot;desktop&quot;,&quot;laptop&quot;,&quot;tablet_extra&quot;,&quot;tablet&quot;,&quot;mobile&quot;]}\" data-widget_type=\"heading.default\">\n\t\t\t\t\t<h2 class=\"elementor-heading-title elementor-size-default\">Entendemos el proceso terap\u00e9utico, precisamente como un encuentro, una interacci\u00f3n humana y humanizadora generando espacios de confianza hacia mayores niveles de conciencia personal y conocimiento<\/h2>\t\t\t\t<\/div>\n\t\t\t\t<\/div>\n\t\t<div class=\"elementor-element elementor-element-c9dd4cd e-con-full bg-sistemica-2 anim-color e-flex e-con e-parent\" data-id=\"c9dd4cd\" data-element_type=\"container\" data-e-type=\"container\">\n\t\t<div class=\"elementor-element elementor-element-a3d74d2 e-con-full e-flex e-con e-child\" data-id=\"a3d74d2\" data-element_type=\"container\" data-e-type=\"container\">\n\t\t\t\t<div class=\"elementor-element elementor-element-6fdfbc0 elementor-widget__width-initial elementor-widget elementor-widget-image\" data-id=\"6fdfbc0\" data-element_type=\"widget\" data-e-type=\"widget\" data-widget_type=\"image.default\">\n\t\t\t\t\t\t\t\t\t\t\t\t\t\t\t<img decoding=\"async\" width=\"2048\" height=\"2048\" src=\"https:\/\/argian.org\/www\/wp-content\/uploads\/2025\/05\/supervision-3.webp\" class=\"attachment-full size-full wp-image-1277\" alt=\"\" srcset=\"https:\/\/argian.org\/www\/wp-content\/uploads\/2025\/05\/supervision-3.webp 2048w, https:\/\/argian.org\/www\/wp-content\/uploads\/2025\/05\/supervision-3-300x300.webp 300w, https:\/\/argian.org\/www\/wp-content\/uploads\/2025\/05\/supervision-3-1024x1024.webp 1024w, https:\/\/argian.org\/www\/wp-content\/uploads\/2025\/05\/supervision-3-150x150.webp 150w, https:\/\/argian.org\/www\/wp-content\/uploads\/2025\/05\/supervision-3-768x768.webp 768w, https:\/\/argian.org\/www\/wp-content\/uploads\/2025\/05\/supervision-3-1536x1536.webp 1536w\" sizes=\"(max-width: 2048px) 100vw, 2048px\" \/>\t\t\t\t\t\t\t\t\t\t\t\t\t\t\t<\/div>\n\t\t\t\t<\/div>\n\t\t<div class=\"elementor-element elementor-element-3827a7e e-con-full e-flex e-con e-child\" data-id=\"3827a7e\" data-element_type=\"container\" data-e-type=\"container\">\n\t\t\t\t<div class=\"elementor-element elementor-element-a8e7e31 elementor-widget__width-initial elementor-widget-mobile__width-inherit elementor-widget elementor-widget-text-editor\" data-id=\"a8e7e31\" data-element_type=\"widget\" data-e-type=\"widget\" data-widget_type=\"text-editor.default\">\n\t\t\t\t\t\t\t\t\t<p>Requiere afinar nuestra sensibilidad ante la compleja y delicada presencia del dolor y la fragilidad humana. <br \/>En definitiva poder asomarnos con una mirada m\u00e1s amplia al misterioso \u00e1mbito del encuentro humano, en direcci\u00f3n a un acompa\u00f1amiento genuino hacia ese ser herido o perdido en ese tramo dif\u00edcil y delicado de su vida.<\/p>\t\t\t\t\t\t\t\t<\/div>\n\t\t\t\t<\/div>\n\t\t\t\t<\/div>\n\t\t<div class=\"elementor-element elementor-element-90f34b2 e-con-full bg-faro anim-color e-flex e-con e-parent\" data-id=\"90f34b2\" data-element_type=\"container\" data-e-type=\"container\" --dur-color=\"\">\n\t\t\t\t<div class=\"elementor-element elementor-element-97e8596 elementor-widget elementor-widget-heading\" data-id=\"97e8596\" data-element_type=\"widget\" data-e-type=\"widget\" data-widget_type=\"heading.default\">\n\t\t\t\t\t<h2 class=\"elementor-heading-title elementor-size-default\">\u00a1Continuemos con el viaje, <br>\nlos faros nos gu\u00edan!<\/h2>\t\t\t\t<\/div>\n\t\t\t\t<div class=\"elementor-element elementor-element-5917eeb anim-pulse elementor-widget elementor-widget-button\" data-id=\"5917eeb\" data-element_type=\"widget\" data-e-type=\"widget\" data-widget_type=\"button.default\">\n\t\t\t\t\t\t\t\t\t\t<a class=\"elementor-button elementor-button-link elementor-size-sm\" href=\"https:\/\/argian.org\/www\/contacto\">\n\t\t\t\t\t\t<span class=\"elementor-button-content-wrapper\">\n\t\t\t\t\t\t\t\t\t<span class=\"elementor-button-text\">Cont\u00e1ctanos<\/span>\n\t\t\t\t\t<\/span>\n\t\t\t\t\t<\/a>\n\t\t\t\t\t\t\t\t<\/div>\n\t\t\t\t<\/div>\n\t\t\t\t<\/div>\n\t\t","protected":false},"excerpt":{"rendered":"<p>Espacio de Supervisi\u00f3n Este espacio permite a profesionales de la psicoterapia, psicolog\u00eda y acompa\u00f1amiento humano abordar temas de su pr\u00e1ctica diaria, expresar inquietudes y profundizar en las dificultades que surgen en el proceso terap\u00e9utico. A partir de la figura de Quir\u00f3n, el \u201cSanador herido\u201d, se traza un paralelismo con la terapia Gest\u00e1ltica, donde el autoconocimiento [&hellip;]<\/p>\n","protected":false},"author":1,"featured_media":0,"parent":0,"menu_order":0,"comment_status":"closed","ping_status":"closed","template":"elementor_header_footer","meta":{"footnotes":""},"class_list":["post-30","page","type-page","status-publish","hentry"],"_links":{"self":[{"href":"https:\/\/argian.org\/www\/wp-json\/wp\/v2\/pages\/30","targetHints":{"allow":["GET"]}}],"collection":[{"href":"https:\/\/argian.org\/www\/wp-json\/wp\/v2\/pages"}],"about":[{"href":"https:\/\/argian.org\/www\/wp-json\/wp\/v2\/types\/page"}],"author":[{"embeddable":true,"href":"https:\/\/argian.org\/www\/wp-json\/wp\/v2\/users\/1"}],"replies":[{"embeddable":true,"href":"https:\/\/argian.org\/www\/wp-json\/wp\/v2\/comments?post=30"}],"version-history":[{"count":61,"href":"https:\/\/argian.org\/www\/wp-json\/wp\/v2\/pages\/30\/revisions"}],"predecessor-version":[{"id":1883,"href":"https:\/\/argian.org\/www\/wp-json\/wp\/v2\/pages\/30\/revisions\/1883"}],"wp:attachment":[{"href":"https:\/\/argian.org\/www\/wp-json\/wp\/v2\/media?parent=30"}],"curies":[{"name":"wp","href":"https:\/\/api.w.org\/{rel}","templated":true}]}}