{"id":28,"date":"2025-04-29T11:53:43","date_gmt":"2025-04-29T11:53:43","guid":{"rendered":"https:\/\/argian.org\/www\/?page_id=28"},"modified":"2025-06-26T13:14:55","modified_gmt":"2025-06-26T13:14:55","slug":"terapia-sistemica-gestaltica","status":"publish","type":"page","link":"https:\/\/argian.org\/www\/terapia-sistemica-gestaltica\/","title":{"rendered":"Terapia sist\u00e9mica gest\u00e1ltica"},"content":{"rendered":"\t\t<div data-elementor-type=\"wp-page\" data-elementor-id=\"28\" class=\"elementor elementor-28\" data-elementor-post-type=\"page\">\n\t\t\t\t<div class=\"elementor-element elementor-element-08ab8d0 e-con-full e-flex e-con e-parent\" data-id=\"08ab8d0\" data-element_type=\"container\" data-e-type=\"container\" data-settings=\"{&quot;background_background&quot;:&quot;classic&quot;}\">\n\t\t\t\t<div class=\"elementor-element elementor-element-1e8bddf elementor-widget elementor-widget-heading\" data-id=\"1e8bddf\" data-element_type=\"widget\" data-e-type=\"widget\" data-widget_type=\"heading.default\">\n\t\t\t\t\t<h2 class=\"elementor-heading-title elementor-size-default\">Terapia Sist\u00e9mica<br>\nGest\u00e1ltica<\/h2>\t\t\t\t<\/div>\n\t\t\t\t<\/div>\n\t\t<div class=\"elementor-element elementor-element-de0a723 e-con-full bg-sistemica anim-color  e-flex e-con e-parent\" data-id=\"de0a723\" data-element_type=\"container\" data-e-type=\"container\">\n\t\t\t\t<div class=\"elementor-element elementor-element-f16435f elementor-widget__width-initial elementor-widget-tablet__width-inherit elementor-widget elementor-widget-text-editor\" data-id=\"f16435f\" data-element_type=\"widget\" data-e-type=\"widget\" data-widget_type=\"text-editor.default\">\n\t\t\t\t\t\t\t\t\t<p>Este espacio permite a profesionales de la psicoterapia, psicolog\u00eda y acompa\u00f1amiento humano abordar temas de su pr\u00e1ctica diaria, expresar inquietudes y profundizar en las dificultades que surgen en el proceso terap\u00e9utico.<\/p>\t\t\t\t\t\t\t\t<\/div>\n\t\t\t\t<\/div>\n\t\t<div class=\"elementor-element elementor-element-4984873 e-con-full e-flex e-con e-parent\" data-id=\"4984873\" data-element_type=\"container\" data-e-type=\"container\">\n\t\t<div class=\"elementor-element elementor-element-b8a59b1 e-con-full e-flex e-con e-child\" data-id=\"b8a59b1\" data-element_type=\"container\" data-e-type=\"container\">\n\t\t\t\t<div class=\"elementor-element elementor-element-646df30 elementor-widget elementor-widget-image\" data-id=\"646df30\" data-element_type=\"widget\" data-e-type=\"widget\" data-widget_type=\"image.default\">\n\t\t\t\t\t\t\t\t\t\t\t\t\t\t\t<img fetchpriority=\"high\" decoding=\"async\" width=\"2048\" height=\"1365\" src=\"https:\/\/argian.org\/www\/wp-content\/uploads\/2025\/05\/sistemica-1.webp\" class=\"attachment-full size-full wp-image-1171\" alt=\"\" srcset=\"https:\/\/argian.org\/www\/wp-content\/uploads\/2025\/05\/sistemica-1.webp 2048w, https:\/\/argian.org\/www\/wp-content\/uploads\/2025\/05\/sistemica-1-300x200.webp 300w, https:\/\/argian.org\/www\/wp-content\/uploads\/2025\/05\/sistemica-1-1024x683.webp 1024w, https:\/\/argian.org\/www\/wp-content\/uploads\/2025\/05\/sistemica-1-768x512.webp 768w, https:\/\/argian.org\/www\/wp-content\/uploads\/2025\/05\/sistemica-1-1536x1024.webp 1536w\" sizes=\"(max-width: 2048px) 100vw, 2048px\" \/>\t\t\t\t\t\t\t\t\t\t\t\t\t\t\t<\/div>\n\t\t\t\t<\/div>\n\t\t<div class=\"elementor-element elementor-element-021511e e-con-full e-flex e-con e-child\" data-id=\"021511e\" data-element_type=\"container\" data-e-type=\"container\">\n\t\t\t\t<div class=\"elementor-element elementor-element-3c1fd61 elementor-widget__width-initial elementor-widget-mobile__width-inherit elementor-widget elementor-widget-text-editor\" data-id=\"3c1fd61\" data-element_type=\"widget\" data-e-type=\"widget\" data-widget_type=\"text-editor.default\">\n\t\t\t\t\t\t\t\t\t<p>Esta formaci\u00f3n aborda el ser humano desde una perspectiva sist\u00e9mica e integradora, permitiendo una comprensi\u00f3n profunda de su recorrido vital.<\/p>\t\t\t\t\t\t\t\t<\/div>\n\t\t\t\t<\/div>\n\t\t\t\t<\/div>\n\t\t<div class=\"elementor-element elementor-element-76547c7 e-con-full bg-sistemica-2 anim-color e-flex e-con e-parent\" data-id=\"76547c7\" data-element_type=\"container\" data-e-type=\"container\">\n\t\t<div class=\"elementor-element elementor-element-4ad75d3 e-con-full e-flex e-con e-child\" data-id=\"4ad75d3\" data-element_type=\"container\" data-e-type=\"container\">\n\t\t\t\t<div class=\"elementor-element elementor-element-9af2074 elementor-widget__width-initial elementor-widget elementor-widget-image\" data-id=\"9af2074\" data-element_type=\"widget\" data-e-type=\"widget\" data-widget_type=\"image.default\">\n\t\t\t\t\t\t\t\t\t\t\t\t\t\t\t<img decoding=\"async\" width=\"1536\" height=\"2048\" src=\"https:\/\/argian.org\/www\/wp-content\/uploads\/2025\/05\/sistemica-2.webp\" class=\"attachment-full size-full wp-image-1172\" alt=\"\" srcset=\"https:\/\/argian.org\/www\/wp-content\/uploads\/2025\/05\/sistemica-2.webp 1536w, https:\/\/argian.org\/www\/wp-content\/uploads\/2025\/05\/sistemica-2-225x300.webp 225w, https:\/\/argian.org\/www\/wp-content\/uploads\/2025\/05\/sistemica-2-768x1024.webp 768w, https:\/\/argian.org\/www\/wp-content\/uploads\/2025\/05\/sistemica-2-1152x1536.webp 1152w\" sizes=\"(max-width: 1536px) 100vw, 1536px\" \/>\t\t\t\t\t\t\t\t\t\t\t\t\t\t\t<\/div>\n\t\t\t\t<\/div>\n\t\t<div class=\"elementor-element elementor-element-a013aee e-con-full e-flex e-con e-child\" data-id=\"a013aee\" data-element_type=\"container\" data-e-type=\"container\">\n\t\t\t\t<div class=\"elementor-element elementor-element-5b75d8c elementor-widget__width-initial elementor-widget-mobile__width-inherit elementor-widget elementor-widget-text-editor\" data-id=\"5b75d8c\" data-element_type=\"widget\" data-e-type=\"widget\" data-widget_type=\"text-editor.default\">\n\t\t\t\t\t\t\t\t\t<p>A trav\u00e9s de una visi\u00f3n multidimensional, se exploran las piezas de nuestra historia familiar y herencias ancestrales que han influido en nuestro ser. Esta perspectiva permite entrelazar diferentes aspectos de nuestra existencia, generando caminos terap\u00e9uticos que fortalezcan el proceso de individuaci\u00f3n y nos ayuden a vivir en sinton\u00eda con nuestro destino.<\/p>\t\t\t\t\t\t\t\t<\/div>\n\t\t\t\t<\/div>\n\t\t\t\t<\/div>\n\t\t<div class=\"elementor-element elementor-element-ada7080 e-con-full e-flex e-con e-parent\" data-id=\"ada7080\" data-element_type=\"container\" data-e-type=\"container\">\n\t\t<div class=\"elementor-element elementor-element-cb81269 e-con-full e-flex e-con e-child\" data-id=\"cb81269\" data-element_type=\"container\" data-e-type=\"container\">\n\t\t\t\t<div class=\"elementor-element elementor-element-7f71b85 elementor-widget elementor-widget-heading\" data-id=\"7f71b85\" data-element_type=\"widget\" data-e-type=\"widget\" data-widget_type=\"heading.default\">\n\t\t\t\t\t<h2 class=\"elementor-heading-title elementor-size-default\">contenido<\/h2>\t\t\t\t<\/div>\n\t\t\t\t<\/div>\n\t\t<div class=\"elementor-element elementor-element-33b6fc3 e-con-full e-flex e-con e-child\" data-id=\"33b6fc3\" data-element_type=\"container\" data-e-type=\"container\">\n\t\t\t\t<div class=\"elementor-element elementor-element-6250a56 elementor-widget__width-initial elementor-widget-tablet__width-inherit elementor-widget elementor-widget-text-editor\" data-id=\"6250a56\" data-element_type=\"widget\" data-e-type=\"widget\" data-widget_type=\"text-editor.default\">\n\t\t\t\t\t\t\t\t\t<p>A trav\u00e9s de una visi\u00f3n multidimensional, se exploran las piezas de nuestra historia familiar y herencias ancestrales que han influido en nuestro ser. Esta perspectiva permite entrelazar diferentes aspectos de nuestra existencia, generando caminos terap\u00e9uticos que fortalezcan el proceso de individuaci\u00f3n y nos ayuden a vivir en sinton\u00eda con nuestro destino.<\/p>\t\t\t\t\t\t\t\t<\/div>\n\t\t\t\t<\/div>\n\t\t\t\t<\/div>\n\t\t<div class=\"elementor-element elementor-element-e0d240b e-con-full bg-formacion anim-color e-flex e-con e-parent\" data-id=\"e0d240b\" data-element_type=\"container\" data-e-type=\"container\">\n\t\t\t\t<div class=\"elementor-element elementor-element-e458074 elementor-widget__width-initial anim-pulse elementor-widget elementor-widget-heading\" data-id=\"e458074\" data-element_type=\"widget\" data-e-type=\"widget\" data-settings=\"{&quot;motion_fx_motion_fx_scrolling&quot;:&quot;yes&quot;,&quot;motion_fx_opacity_effect&quot;:&quot;yes&quot;,&quot;motion_fx_opacity_range&quot;:{&quot;unit&quot;:&quot;%&quot;,&quot;size&quot;:&quot;&quot;,&quot;sizes&quot;:{&quot;start&quot;:40,&quot;end&quot;:59}},&quot;motion_fx_opacity_direction&quot;:&quot;out-in&quot;,&quot;motion_fx_opacity_level&quot;:{&quot;unit&quot;:&quot;px&quot;,&quot;size&quot;:10,&quot;sizes&quot;:[]},&quot;motion_fx_devices&quot;:[&quot;widescreen&quot;,&quot;desktop&quot;,&quot;laptop&quot;,&quot;tablet_extra&quot;,&quot;tablet&quot;,&quot;mobile&quot;]}\" data-widget_type=\"heading.default\">\n\t\t\t\t\t<h2 class=\"elementor-heading-title elementor-size-default\">En todas las familias subyace un sistema de creencias del que emergen toda una serie de mitos (impregnando nuestra trama existencial)\nque intentaremos identificar  y visionar<\/h2>\t\t\t\t<\/div>\n\t\t\t\t<\/div>\n\t\t<div class=\"elementor-element elementor-element-ad21964 e-con-full e-flex e-con e-parent\" data-id=\"ad21964\" data-element_type=\"container\" data-e-type=\"container\">\n\t\t<div class=\"elementor-element elementor-element-ca214ec e-con-full e-flex e-con e-child\" data-id=\"ca214ec\" data-element_type=\"container\" data-e-type=\"container\">\n\t\t\t\t<div class=\"elementor-element elementor-element-3c43f6b elementor-widget__width-initial elementor-widget elementor-widget-image\" data-id=\"3c43f6b\" data-element_type=\"widget\" data-e-type=\"widget\" data-widget_type=\"image.default\">\n\t\t\t\t\t\t\t\t\t\t\t\t\t\t\t<img decoding=\"async\" width=\"1536\" height=\"2048\" src=\"https:\/\/argian.org\/www\/wp-content\/uploads\/2025\/05\/sistemica-3.webp\" class=\"attachment-full size-full wp-image-1173\" alt=\"\" srcset=\"https:\/\/argian.org\/www\/wp-content\/uploads\/2025\/05\/sistemica-3.webp 1536w, https:\/\/argian.org\/www\/wp-content\/uploads\/2025\/05\/sistemica-3-225x300.webp 225w, https:\/\/argian.org\/www\/wp-content\/uploads\/2025\/05\/sistemica-3-768x1024.webp 768w, https:\/\/argian.org\/www\/wp-content\/uploads\/2025\/05\/sistemica-3-1152x1536.webp 1152w\" sizes=\"(max-width: 1536px) 100vw, 1536px\" \/>\t\t\t\t\t\t\t\t\t\t\t\t\t\t\t<\/div>\n\t\t\t\t<\/div>\n\t\t<div class=\"elementor-element elementor-element-1a9a19d e-con-full e-flex e-con e-child\" data-id=\"1a9a19d\" data-element_type=\"container\" data-e-type=\"container\">\n\t\t\t\t<div class=\"elementor-element elementor-element-93ed396 elementor-widget__width-initial elementor-widget-mobile__width-inherit elementor-widget elementor-widget-text-editor\" data-id=\"93ed396\" data-element_type=\"widget\" data-e-type=\"widget\" data-widget_type=\"text-editor.default\">\n\t\t\t\t\t\t\t\t\t<p>Abordaremos el \u00e1mbito de la Pareja desde una perspectiva sist\u00e9mica que se va configurando como una danza particular con sus encuentros y sus puentes rotos. En el transcurso de la formaci\u00f3n se realizar\u00e1 el necesario abordaje de los aspectos nucleares de la fenomenolog\u00eda de la din\u00e1mica grupal desde una perspectiva sist\u00e9mica.<\/p>\t\t\t\t\t\t\t\t<\/div>\n\t\t\t\t<\/div>\n\t\t\t\t<\/div>\n\t\t<div class=\"elementor-element elementor-element-f773049 e-con-full e-flex e-con e-parent\" data-id=\"f773049\" data-element_type=\"container\" data-e-type=\"container\">\n\t\t<div class=\"elementor-element elementor-element-bcb911a e-con-full e-flex e-con e-child\" data-id=\"bcb911a\" data-element_type=\"container\" data-e-type=\"container\">\n\t\t\t\t<div class=\"elementor-element elementor-element-27157ed elementor-widget elementor-widget-heading\" data-id=\"27157ed\" data-element_type=\"widget\" data-e-type=\"widget\" data-widget_type=\"heading.default\">\n\t\t\t\t\t<h2 class=\"elementor-heading-title elementor-size-default\">metodolog\u00eda<\/h2>\t\t\t\t<\/div>\n\t\t\t\t<\/div>\n\t\t<div class=\"elementor-element elementor-element-39b2994 e-con-full e-flex e-con e-child\" data-id=\"39b2994\" data-element_type=\"container\" data-e-type=\"container\">\n\t\t\t\t<div class=\"elementor-element elementor-element-0bc77e2 elementor-widget__width-initial elementor-widget-mobile__width-inherit elementor-widget elementor-widget-text-editor\" data-id=\"0bc77e2\" data-element_type=\"widget\" data-e-type=\"widget\" data-widget_type=\"text-editor.default\">\n\t\t\t\t\t\t\t\t\t<p>La orientaci\u00f3n de la formaci\u00f3n tendr\u00e1 una metodolog\u00eda vivencial, incluyendo una did\u00e1ctica de t\u00e9cnicas, abordajes y herramientas a tener en cuenta a la hora del desarrollo de nuestro quehacer terap\u00e9utico.<\/p>\t\t\t\t\t\t\t\t<\/div>\n\t\t\t\t<\/div>\n\t\t\t\t<\/div>\n\t\t<div class=\"elementor-element elementor-element-32ebb21 e-con-full bg-azul anim-color e-flex e-con e-parent\" data-id=\"32ebb21\" data-element_type=\"container\" data-e-type=\"container\">\n\t\t<div class=\"elementor-element elementor-element-245fe09 e-con-full e-flex e-con e-child\" data-id=\"245fe09\" data-element_type=\"container\" data-e-type=\"container\">\n\t\t<div class=\"elementor-element elementor-element-42a577f e-con-full e-flex e-con e-child\" data-id=\"42a577f\" data-element_type=\"container\" data-e-type=\"container\">\n\t\t\t\t<div class=\"elementor-element elementor-element-c603dc4 elementor-widget__width-initial elementor-widget-mobile__width-inherit elementor-widget elementor-widget-text-editor\" data-id=\"c603dc4\" data-element_type=\"widget\" data-e-type=\"widget\" data-widget_type=\"text-editor.default\">\n\t\t\t\t\t\t\t\t\t<p>PROFESORADO<\/p><p>Tenemos la suerte de contar con profesionales de una larga experiencia<\/p>\t\t\t\t\t\t\t\t<\/div>\n\t\t\t\t<\/div>\n\t\t<div class=\"elementor-element elementor-element-809f1b9 e-con-full e-flex e-con e-child\" data-id=\"809f1b9\" data-element_type=\"container\" data-e-type=\"container\">\n\t\t\t\t<div class=\"elementor-element elementor-element-a7c718d elementor-widget__width-initial elementor-widget-tablet__width-inherit elementor-widget elementor-widget-text-editor\" data-id=\"a7c718d\" data-element_type=\"widget\" data-e-type=\"widget\" data-widget_type=\"text-editor.default\">\n\t\t\t\t\t\t\t\t\t<p>Juan Carlos Calvo<\/p><p>Margarita de la Torre<\/p><p>Eugenia Espinosa<\/p><p>Marise\u0301 Barreiro<\/p><p>Luis Fernando Ca\u0301mara<\/p><p>In\u0303aki Zapirain<\/p><p>Marian Becerro<\/p><p>Amor Herna\u0301ndez<\/p><p>Mamen Carrascal<\/p>\t\t\t\t\t\t\t\t<\/div>\n\t\t\t\t<\/div>\n\t\t\t\t<\/div>\n\t\t<div class=\"elementor-element elementor-element-02b9c71 e-con-full e-flex e-con e-child\" data-id=\"02b9c71\" data-element_type=\"container\" data-e-type=\"container\">\n\t\t<div class=\"elementor-element elementor-element-89c9643 e-con-full e-flex e-con e-child\" data-id=\"89c9643\" data-element_type=\"container\" data-e-type=\"container\">\n\t\t\t\t<div class=\"elementor-element elementor-element-d98044a elementor-widget__width-initial elementor-widget elementor-widget-text-editor\" data-id=\"d98044a\" data-element_type=\"widget\" data-e-type=\"widget\" data-widget_type=\"text-editor.default\">\n\t\t\t\t\t\t\t\t\t<p>DIRECCI\u00d3N<\/p>\t\t\t\t\t\t\t\t<\/div>\n\t\t\t\t<\/div>\n\t\t<div class=\"elementor-element elementor-element-420d962 e-con-full e-flex e-con e-child\" data-id=\"420d962\" data-element_type=\"container\" data-e-type=\"container\">\n\t\t\t\t<div class=\"elementor-element elementor-element-eee744e elementor-widget__width-initial elementor-widget-laptop__width-inherit elementor-widget elementor-widget-text-editor\" data-id=\"eee744e\" data-element_type=\"widget\" data-e-type=\"widget\" data-widget_type=\"text-editor.default\">\n\t\t\t\t\t\t\t\t\t<p>Juan Carlos Calvo\u00a0<\/p>\t\t\t\t\t\t\t\t<\/div>\n\t\t\t\t<\/div>\n\t\t\t\t<\/div>\n\t\t<div class=\"elementor-element elementor-element-0d3973b e-con-full e-flex e-con e-child\" data-id=\"0d3973b\" data-element_type=\"container\" data-e-type=\"container\">\n\t\t<div class=\"elementor-element elementor-element-8c71bb7 e-con-full e-flex e-con e-child\" data-id=\"8c71bb7\" data-element_type=\"container\" data-e-type=\"container\">\n\t\t\t\t<div class=\"elementor-element elementor-element-618be1c elementor-widget__width-initial elementor-widget elementor-widget-text-editor\" data-id=\"618be1c\" data-element_type=\"widget\" data-e-type=\"widget\" data-widget_type=\"text-editor.default\">\n\t\t\t\t\t\t\t\t\t<p>COORDINACI\u00d3N<\/p>\t\t\t\t\t\t\t\t<\/div>\n\t\t\t\t<\/div>\n\t\t<div class=\"elementor-element elementor-element-6edf370 e-con-full e-flex e-con e-child\" data-id=\"6edf370\" data-element_type=\"container\" data-e-type=\"container\">\n\t\t\t\t<div class=\"elementor-element elementor-element-6ac8d8c elementor-widget__width-initial elementor-widget elementor-widget-text-editor\" data-id=\"6ac8d8c\" data-element_type=\"widget\" data-e-type=\"widget\" data-widget_type=\"text-editor.default\">\n\t\t\t\t\t\t\t\t\t<p>Argian<\/p>\t\t\t\t\t\t\t\t<\/div>\n\t\t\t\t<\/div>\n\t\t\t\t<\/div>\n\t\t<div class=\"elementor-element elementor-element-b30dea9 e-con-full e-flex e-con e-child\" data-id=\"b30dea9\" data-element_type=\"container\" data-e-type=\"container\">\n\t\t<div class=\"elementor-element elementor-element-2ac9021 e-con-full e-flex e-con e-child\" data-id=\"2ac9021\" data-element_type=\"container\" data-e-type=\"container\">\n\t\t\t\t<div class=\"elementor-element elementor-element-8a0fe82 elementor-widget elementor-widget-text-editor\" data-id=\"8a0fe82\" data-element_type=\"widget\" data-e-type=\"widget\" data-widget_type=\"text-editor.default\">\n\t\t\t\t\t\t\t\t\t<p>* La Formaci\u00f3n va dirigida a terapeutas que ya hayan realizado una formaci\u00f3n y deseen ampliar sus conocimientos y t\u00e9cnicas relativas al \u00e1mbito de la Terapia Sist\u00e9mica Gest\u00e1ltica.<br \/>* Las personas que deseen participar en la Formaci\u00f3n tendr\u00e1n un encuentro preliminar con el coordinador.<br \/>* Plazas limitadas.<\/p>\t\t\t\t\t\t\t\t<\/div>\n\t\t\t\t<\/div>\n\t\t<div class=\"elementor-element elementor-element-86d9fc4 e-con-full elementor-hidden-tablet e-flex e-con e-child\" data-id=\"86d9fc4\" data-element_type=\"container\" data-e-type=\"container\">\n\t\t\t\t<\/div>\n\t\t\t\t<\/div>\n\t\t\t\t<\/div>\n\t\t<div class=\"elementor-element elementor-element-becd690 e-con-full bg-faro anim-color e-flex e-con e-parent\" data-id=\"becd690\" data-element_type=\"container\" data-e-type=\"container\" --dur-color=\"\">\n\t\t\t\t<div class=\"elementor-element elementor-element-95b80c5 elementor-widget elementor-widget-heading\" data-id=\"95b80c5\" data-element_type=\"widget\" data-e-type=\"widget\" data-widget_type=\"heading.default\">\n\t\t\t\t\t<h2 class=\"elementor-heading-title elementor-size-default\">\u00a1Continuemos con el viaje, <br>\nlos faros nos gu\u00edan!<\/h2>\t\t\t\t<\/div>\n\t\t\t\t<div class=\"elementor-element elementor-element-b3effb3 anim-pulse elementor-widget elementor-widget-button\" data-id=\"b3effb3\" data-element_type=\"widget\" data-e-type=\"widget\" data-widget_type=\"button.default\">\n\t\t\t\t\t\t\t\t\t\t<a class=\"elementor-button elementor-button-link elementor-size-sm\" href=\"https:\/\/argian.org\/www\/contacto\">\n\t\t\t\t\t\t<span class=\"elementor-button-content-wrapper\">\n\t\t\t\t\t\t\t\t\t<span class=\"elementor-button-text\">Cont\u00e1ctanos<\/span>\n\t\t\t\t\t<\/span>\n\t\t\t\t\t<\/a>\n\t\t\t\t\t\t\t\t<\/div>\n\t\t\t\t<\/div>\n\t\t\t\t<\/div>\n\t\t","protected":false},"excerpt":{"rendered":"<p>Terapia Sist\u00e9mica Gest\u00e1ltica Este espacio permite a profesionales de la psicoterapia, psicolog\u00eda y acompa\u00f1amiento humano abordar temas de su pr\u00e1ctica diaria, expresar inquietudes y profundizar en las dificultades que surgen en el proceso terap\u00e9utico. Esta formaci\u00f3n aborda el ser humano desde una perspectiva sist\u00e9mica e integradora, permitiendo una comprensi\u00f3n profunda de su recorrido vital. A [&hellip;]<\/p>\n","protected":false},"author":1,"featured_media":0,"parent":0,"menu_order":0,"comment_status":"closed","ping_status":"closed","template":"elementor_header_footer","meta":{"footnotes":""},"class_list":["post-28","page","type-page","status-publish","hentry"],"_links":{"self":[{"href":"https:\/\/argian.org\/www\/wp-json\/wp\/v2\/pages\/28","targetHints":{"allow":["GET"]}}],"collection":[{"href":"https:\/\/argian.org\/www\/wp-json\/wp\/v2\/pages"}],"about":[{"href":"https:\/\/argian.org\/www\/wp-json\/wp\/v2\/types\/page"}],"author":[{"embeddable":true,"href":"https:\/\/argian.org\/www\/wp-json\/wp\/v2\/users\/1"}],"replies":[{"embeddable":true,"href":"https:\/\/argian.org\/www\/wp-json\/wp\/v2\/comments?post=28"}],"version-history":[{"count":148,"href":"https:\/\/argian.org\/www\/wp-json\/wp\/v2\/pages\/28\/revisions"}],"predecessor-version":[{"id":1898,"href":"https:\/\/argian.org\/www\/wp-json\/wp\/v2\/pages\/28\/revisions\/1898"}],"wp:attachment":[{"href":"https:\/\/argian.org\/www\/wp-json\/wp\/v2\/media?parent=28"}],"curies":[{"name":"wp","href":"https:\/\/api.w.org\/{rel}","templated":true}]}}