{"id":26,"date":"2025-04-29T11:53:25","date_gmt":"2025-04-29T11:53:25","guid":{"rendered":"https:\/\/argian.org\/www\/?page_id=26"},"modified":"2025-06-27T10:35:44","modified_gmt":"2025-06-27T10:35:44","slug":"formacion","status":"publish","type":"page","link":"https:\/\/argian.org\/www\/formacion\/","title":{"rendered":"Formacion"},"content":{"rendered":"\t\t<div data-elementor-type=\"wp-page\" data-elementor-id=\"26\" class=\"elementor elementor-26\" data-elementor-post-type=\"page\">\n\t\t\t\t<div class=\"elementor-element elementor-element-c15adc9 e-con-full e-flex e-con e-parent\" data-id=\"c15adc9\" data-element_type=\"container\" data-e-type=\"container\" data-settings=\"{&quot;background_background&quot;:&quot;classic&quot;}\">\n\t\t\t\t<div class=\"elementor-element elementor-element-bff8dac elementor-widget elementor-widget-heading\" data-id=\"bff8dac\" data-element_type=\"widget\" data-e-type=\"widget\" data-widget_type=\"heading.default\">\n\t\t\t\t\t<h2 class=\"elementor-heading-title elementor-size-default\">Formaci\u00f3n<\/h2>\t\t\t\t<\/div>\n\t\t\t\t<div class=\"elementor-element elementor-element-b9b4181 elementor-widget__width-initial elementor-widget-tablet__width-initial elementor-widget elementor-widget-text-editor\" data-id=\"b9b4181\" data-element_type=\"widget\" data-e-type=\"widget\" data-widget_type=\"text-editor.default\">\n\t\t\t\t\t\t\t\t\t<p>En Argian queremos ofrecer un espacio de formaci\u00f3n para todas las personas interesadas en el ejercicio de la psicoterapia y otros \u00e1mbitos profesionales como el educativo, sanitario, asistencial, mediacional, etc.<\/p>\t\t\t\t\t\t\t\t<\/div>\n\t\t\t\t<\/div>\n\t\t<div class=\"elementor-element elementor-element-d18d0c1 e-con-full bg-formacion anim-color e-flex e-con e-parent\" data-id=\"d18d0c1\" data-element_type=\"container\" data-e-type=\"container\">\n\t\t\t\t<div class=\"elementor-element elementor-element-c166066 elementor-widget__width-initial anim-pulse elementor-widget elementor-widget-heading\" data-id=\"c166066\" data-element_type=\"widget\" data-e-type=\"widget\" data-settings=\"{&quot;motion_fx_motion_fx_scrolling&quot;:&quot;yes&quot;,&quot;motion_fx_opacity_effect&quot;:&quot;yes&quot;,&quot;motion_fx_opacity_range&quot;:{&quot;unit&quot;:&quot;%&quot;,&quot;size&quot;:&quot;&quot;,&quot;sizes&quot;:{&quot;start&quot;:40,&quot;end&quot;:59}},&quot;motion_fx_opacity_direction&quot;:&quot;out-in&quot;,&quot;motion_fx_opacity_level&quot;:{&quot;unit&quot;:&quot;px&quot;,&quot;size&quot;:10,&quot;sizes&quot;:[]},&quot;motion_fx_devices&quot;:[&quot;widescreen&quot;,&quot;desktop&quot;,&quot;laptop&quot;,&quot;tablet_extra&quot;,&quot;tablet&quot;,&quot;mobile&quot;]}\" data-widget_type=\"heading.default\">\n\t\t\t\t\t<h2 class=\"elementor-heading-title elementor-size-default\">En general, se dirige a todas aquellas personas interesadas en aplicar estos conocimientos, te\u00f3ricos y experienciales, relacion\u00e1ndolos con los diversos \u00e1mbitos de la vida, tanto personal como profesional<\/h2>\t\t\t\t<\/div>\n\t\t\t\t<\/div>\n\t\t<div class=\"elementor-element elementor-element-83031e9 e-con-full e-flex e-con e-parent\" data-id=\"83031e9\" data-element_type=\"container\" data-e-type=\"container\">\n\t\t<div class=\"elementor-element elementor-element-120150f e-con-full e-flex e-con e-child\" data-id=\"120150f\" data-element_type=\"container\" data-e-type=\"container\">\n\t\t<div class=\"elementor-element elementor-element-05d5c2a e-con-full e-flex e-con e-child\" data-id=\"05d5c2a\" data-element_type=\"container\" data-e-type=\"container\" data-settings=\"{&quot;background_background&quot;:&quot;classic&quot;}\">\n\t\t\t\t<div class=\"elementor-element elementor-element-7da6907 elementor-widget__width-initial elementor-widget elementor-widget-heading\" data-id=\"7da6907\" data-element_type=\"widget\" data-e-type=\"widget\" data-widget_type=\"heading.default\">\n\t\t\t\t\t<h2 class=\"elementor-heading-title elementor-size-default\"><a href=\"https:\/\/argian.org\/www\/terapia-sistemica-gestaltica\/\">Terapia sist\u00e9mica\ngest\u00e1ltica<\/a><\/h2>\t\t\t\t<\/div>\n\t\t\t\t<\/div>\n\t\t<div class=\"elementor-element elementor-element-4b155d2 e-con-full e-flex e-con e-child\" data-id=\"4b155d2\" data-element_type=\"container\" data-e-type=\"container\" data-settings=\"{&quot;background_background&quot;:&quot;classic&quot;}\">\n\t\t\t\t<\/div>\n\t\t\t\t<\/div>\n\t\t<div class=\"elementor-element elementor-element-521bc09 e-con-full e-flex e-con e-child\" data-id=\"521bc09\" data-element_type=\"container\" data-e-type=\"container\">\n\t\t<div class=\"elementor-element elementor-element-0830838 e-con-full e-flex e-con e-child\" data-id=\"0830838\" data-element_type=\"container\" data-e-type=\"container\" data-settings=\"{&quot;background_background&quot;:&quot;classic&quot;}\">\n\t\t\t\t<div class=\"elementor-element elementor-element-f75a495 elementor-widget__width-initial elementor-widget elementor-widget-heading\" data-id=\"f75a495\" data-element_type=\"widget\" data-e-type=\"widget\" data-widget_type=\"heading.default\">\n\t\t\t\t\t<h2 class=\"elementor-heading-title elementor-size-default\"><a href=\"https:\/\/argian.org\/www\/espacio-de-supervision\/\">Espacio de supervisi\u00f3n<\/a><\/h2>\t\t\t\t<\/div>\n\t\t\t\t<\/div>\n\t\t<div class=\"elementor-element elementor-element-a40b90b e-con-full e-flex e-con e-child\" data-id=\"a40b90b\" data-element_type=\"container\" data-e-type=\"container\" data-settings=\"{&quot;background_background&quot;:&quot;classic&quot;}\">\n\t\t\t\t<\/div>\n\t\t\t\t<\/div>\n\t\t<div class=\"elementor-element elementor-element-0122904 e-con-full e-flex e-con e-child\" data-id=\"0122904\" data-element_type=\"container\" data-e-type=\"container\">\n\t\t<div class=\"elementor-element elementor-element-de211ad e-con-full e-flex e-con e-child\" data-id=\"de211ad\" data-element_type=\"container\" data-e-type=\"container\" data-settings=\"{&quot;background_background&quot;:&quot;classic&quot;}\">\n\t\t\t\t<div class=\"elementor-element elementor-element-6523f97 elementor-widget__width-initial elementor-widget elementor-widget-heading\" data-id=\"6523f97\" data-element_type=\"widget\" data-e-type=\"widget\" data-widget_type=\"heading.default\">\n\t\t\t\t\t<h2 class=\"elementor-heading-title elementor-size-default\"><a href=\"https:\/\/argian.org\/www\/formacion-de-arteterapia-gestalt\/\">Formaci\u00f3n \nde arteterapia gestalt<\/a><\/h2>\t\t\t\t<\/div>\n\t\t\t\t<\/div>\n\t\t<div class=\"elementor-element elementor-element-80d1d47 e-con-full e-flex e-con e-child\" data-id=\"80d1d47\" data-element_type=\"container\" data-e-type=\"container\" data-settings=\"{&quot;background_background&quot;:&quot;classic&quot;}\">\n\t\t\t\t<\/div>\n\t\t\t\t<\/div>\n\t\t<div class=\"elementor-element elementor-element-83fc44c e-con-full e-flex e-con e-child\" data-id=\"83fc44c\" data-element_type=\"container\" data-e-type=\"container\">\n\t\t<div class=\"elementor-element elementor-element-1a61e4b e-con-full e-flex e-con e-child\" data-id=\"1a61e4b\" data-element_type=\"container\" data-e-type=\"container\" data-settings=\"{&quot;background_background&quot;:&quot;classic&quot;}\">\n\t\t\t\t<div class=\"elementor-element elementor-element-3395bd5 elementor-widget__width-initial elementor-widget elementor-widget-heading\" data-id=\"3395bd5\" data-element_type=\"widget\" data-e-type=\"widget\" data-widget_type=\"heading.default\">\n\t\t\t\t\t<h2 class=\"elementor-heading-title elementor-size-default\"><a href=\"https:\/\/argian.org\/www\/formacion-gestalt-oteiza\/\">Formaci\u00f3n \ngestalt<\/a><\/h2>\t\t\t\t<\/div>\n\t\t\t\t<\/div>\n\t\t<div class=\"elementor-element elementor-element-4f1c00c e-con-full e-flex e-con e-child\" data-id=\"4f1c00c\" data-element_type=\"container\" data-e-type=\"container\" data-settings=\"{&quot;background_background&quot;:&quot;classic&quot;}\">\n\t\t\t\t<\/div>\n\t\t\t\t<\/div>\n\t\t<div class=\"elementor-element elementor-element-d3d6748 e-con-full e-flex e-con e-child\" data-id=\"d3d6748\" data-element_type=\"container\" data-e-type=\"container\">\n\t\t<div class=\"elementor-element elementor-element-9dfa9ba e-con-full e-flex e-con e-child\" data-id=\"9dfa9ba\" data-element_type=\"container\" data-e-type=\"container\" data-settings=\"{&quot;background_background&quot;:&quot;classic&quot;}\">\n\t\t\t\t<div class=\"elementor-element elementor-element-98087da elementor-widget__width-initial elementor-widget elementor-widget-heading\" data-id=\"98087da\" data-element_type=\"widget\" data-e-type=\"widget\" data-widget_type=\"heading.default\">\n\t\t\t\t\t<h2 class=\"elementor-heading-title elementor-size-default\"><a href=\"https:\/\/argian.org\/www\/trauma\/\">Trauma<\/a><\/h2>\t\t\t\t<\/div>\n\t\t\t\t<\/div>\n\t\t<div class=\"elementor-element elementor-element-3b45da7 e-con-full e-flex e-con e-child\" data-id=\"3b45da7\" data-element_type=\"container\" data-e-type=\"container\" data-settings=\"{&quot;background_background&quot;:&quot;classic&quot;}\">\n\t\t\t\t<\/div>\n\t\t\t\t<\/div>\n\t\t\t\t<\/div>\n\t\t<div class=\"elementor-element elementor-element-eadce20 e-con-full bg-faro anim-color e-flex e-con e-parent\" data-id=\"eadce20\" data-element_type=\"container\" data-e-type=\"container\" --dur-color=\"\">\n\t\t\t\t<div class=\"elementor-element elementor-element-41dc714 elementor-widget elementor-widget-heading\" data-id=\"41dc714\" data-element_type=\"widget\" data-e-type=\"widget\" data-widget_type=\"heading.default\">\n\t\t\t\t\t<h2 class=\"elementor-heading-title elementor-size-default\">\u00a1Continuemos con el viaje, <br>\nlos faros nos gu\u00edan!<\/h2>\t\t\t\t<\/div>\n\t\t\t\t<div class=\"elementor-element elementor-element-4e1427c anim-pulse elementor-widget elementor-widget-button\" data-id=\"4e1427c\" data-element_type=\"widget\" data-e-type=\"widget\" data-widget_type=\"button.default\">\n\t\t\t\t\t\t\t\t\t\t<a class=\"elementor-button elementor-button-link elementor-size-sm\" href=\"https:\/\/argian.org\/www\/contacto\">\n\t\t\t\t\t\t<span class=\"elementor-button-content-wrapper\">\n\t\t\t\t\t\t\t\t\t<span class=\"elementor-button-text\">Cont\u00e1ctanos<\/span>\n\t\t\t\t\t<\/span>\n\t\t\t\t\t<\/a>\n\t\t\t\t\t\t\t\t<\/div>\n\t\t\t\t<\/div>\n\t\t\t\t<\/div>\n\t\t","protected":false},"excerpt":{"rendered":"<p>Formaci\u00f3n En Argian queremos ofrecer un espacio de formaci\u00f3n para todas las personas interesadas en el ejercicio de la psicoterapia y otros \u00e1mbitos profesionales como el educativo, sanitario, asistencial, mediacional, etc. En general, se dirige a todas aquellas personas interesadas en aplicar estos conocimientos, te\u00f3ricos y experienciales, relacion\u00e1ndolos con los diversos \u00e1mbitos de la vida, [&hellip;]<\/p>\n","protected":false},"author":1,"featured_media":0,"parent":0,"menu_order":0,"comment_status":"closed","ping_status":"closed","template":"","meta":{"footnotes":""},"class_list":["post-26","page","type-page","status-publish","hentry"],"_links":{"self":[{"href":"https:\/\/argian.org\/www\/wp-json\/wp\/v2\/pages\/26","targetHints":{"allow":["GET"]}}],"collection":[{"href":"https:\/\/argian.org\/www\/wp-json\/wp\/v2\/pages"}],"about":[{"href":"https:\/\/argian.org\/www\/wp-json\/wp\/v2\/types\/page"}],"author":[{"embeddable":true,"href":"https:\/\/argian.org\/www\/wp-json\/wp\/v2\/users\/1"}],"replies":[{"embeddable":true,"href":"https:\/\/argian.org\/www\/wp-json\/wp\/v2\/comments?post=26"}],"version-history":[{"count":106,"href":"https:\/\/argian.org\/www\/wp-json\/wp\/v2\/pages\/26\/revisions"}],"predecessor-version":[{"id":1927,"href":"https:\/\/argian.org\/www\/wp-json\/wp\/v2\/pages\/26\/revisions\/1927"}],"wp:attachment":[{"href":"https:\/\/argian.org\/www\/wp-json\/wp\/v2\/media?parent=26"}],"curies":[{"name":"wp","href":"https:\/\/api.w.org\/{rel}","templated":true}]}}