{"id":1813,"date":"2025-06-25T14:48:49","date_gmt":"2025-06-25T14:48:49","guid":{"rendered":"https:\/\/argian.org\/www\/?page_id=1813"},"modified":"2025-06-25T14:51:37","modified_gmt":"2025-06-25T14:51:37","slug":"politica-de-privacidad","status":"publish","type":"page","link":"https:\/\/argian.org\/www\/politica-de-privacidad\/","title":{"rendered":"Pol\u00edtica de Privacidad"},"content":{"rendered":"\t\t<div data-elementor-type=\"wp-page\" data-elementor-id=\"1813\" class=\"elementor elementor-1813\" data-elementor-post-type=\"page\">\n\t\t\t\t<div class=\"elementor-element elementor-element-52c3f52 e-flex e-con-boxed e-con e-parent\" data-id=\"52c3f52\" data-element_type=\"container\" data-e-type=\"container\">\n\t\t\t\t\t<div class=\"e-con-inner\">\n\t\t\t\t<div class=\"elementor-element elementor-element-ae7a76a elementor-widget elementor-widget-text-editor\" data-id=\"ae7a76a\" data-element_type=\"widget\" data-e-type=\"widget\" data-widget_type=\"text-editor.default\">\n\t\t\t\t\t\t\t\t\t<h3 data-start=\"201\" data-end=\"348\"><strong data-start=\"201\" data-end=\"216\">ARGIAN C.B.<\/strong><br data-start=\"216\" data-end=\"219\">Jos\u00e9 Mar\u00eda de Escuza, 1, 4I \u2013 48013 Bilbao (Bizkaia)<br data-start=\"271\" data-end=\"274\">NIF: J95831087<br data-start=\"288\" data-end=\"291\">Email: <a class=\"cursor-pointer\" rel=\"noopener\" data-start=\"298\" data-end=\"321\">argianzentroa@gmail.com<\/a><br data-start=\"321\" data-end=\"324\">Tel\u00e9fono: 944 65 72 87<\/h3>\n<p data-start=\"350\" data-end=\"483\"><strong data-start=\"397\" data-end=\"483\">www.argian.org informa a los interesados acerca de su pol\u00edtica de protecci\u00f3n de datos personales.<\/strong><\/p>\n<p data-start=\"485\" data-end=\"877\">En aplicaci\u00f3n del Reglamento (UE) 2016\/679 (RGPD) y la Ley Org\u00e1nica 3\/2018 (LOPDGDD), los datos personales que se recogen a trav\u00e9s de los formularios del sitio web se incorporan a tratamientos automatizados gestionados por <strong data-start=\"708\" data-end=\"723\">ARGIAN C.B.<\/strong>, con la finalidad de mantener la relaci\u00f3n comercial y prestar servicios de informaci\u00f3n, formaci\u00f3n, acompa\u00f1amiento y otras actividades propias del centro.<\/p>\n<p data-start=\"879\" data-end=\"999\">Los datos no se ceder\u00e1n a terceros, salvo obligaci\u00f3n legal o requerimiento por parte de organismos p\u00fablicos competentes.<\/p>\n<p data-start=\"1001\" data-end=\"1138\"><strong data-start=\"1001\" data-end=\"1016\">ARGIAN C.B.<\/strong> garantiza la confidencialidad, integridad y seguridad de los datos personales tratados conforme a la legislaci\u00f3n vigente.<\/p>\n<hr data-start=\"1140\" data-end=\"1143\">\n<h3 data-start=\"1145\" data-end=\"1182\">Derechos de las personas usuarias<\/h3>\n<p data-start=\"1184\" data-end=\"1218\">Cualquier persona tiene derecho a:<\/p>\n<ul data-start=\"1220\" data-end=\"1518\">\n<li data-start=\"1220\" data-end=\"1253\">\n<p data-start=\"1222\" data-end=\"1253\">Acceder a sus datos personales.<\/p>\n<\/li>\n<li data-start=\"1254\" data-end=\"1306\">\n<p data-start=\"1256\" data-end=\"1306\">Solicitar la rectificaci\u00f3n de los datos inexactos.<\/p>\n<\/li>\n<li data-start=\"1307\" data-end=\"1361\">\n<p data-start=\"1309\" data-end=\"1361\">Solicitar su supresi\u00f3n cuando ya no sean necesarios.<\/p>\n<\/li>\n<li data-start=\"1362\" data-end=\"1417\">\n<p data-start=\"1364\" data-end=\"1417\">Solicitar la limitaci\u00f3n del tratamiento de sus datos.<\/p>\n<\/li>\n<li data-start=\"1418\" data-end=\"1457\">\n<p data-start=\"1420\" data-end=\"1457\">Oponerse al tratamiento de sus datos.<\/p>\n<\/li>\n<li data-start=\"1458\" data-end=\"1518\">\n<p data-start=\"1460\" data-end=\"1518\">Solicitar la portabilidad de sus datos a otro responsable.<\/p>\n<\/li>\n<\/ul>\n<p data-start=\"1520\" data-end=\"1737\">Para ejercer estos derechos, se podr\u00e1 enviar una solicitud por escrito a la direcci\u00f3n postal indicada anteriormente o al correo electr\u00f3nico <strong data-start=\"1660\" data-end=\"1687\"><a class=\"cursor-pointer\" rel=\"noopener\" data-start=\"1662\" data-end=\"1685\">argianzentroa@gmail.com<\/a><\/strong>, adjuntando copia de un documento identificativo.<\/p>\n<hr data-start=\"1739\" data-end=\"1742\">\n<h3 data-start=\"1744\" data-end=\"1773\">Finalidad del tratamiento<\/h3>\n<p data-start=\"1775\" data-end=\"1831\">Tus datos ser\u00e1n tratados con las siguientes finalidades:<\/p>\n<ol data-start=\"1833\" data-end=\"2052\">\n<li data-start=\"1833\" data-end=\"1905\">\n<p data-start=\"1836\" data-end=\"1905\">Mantener la relaci\u00f3n contractual y prestar los servicios solicitados.<\/p>\n<\/li>\n<li data-start=\"1906\" data-end=\"1970\">\n<p data-start=\"1909\" data-end=\"1970\">Responder a consultas realizadas a trav\u00e9s del formulario web.<\/p>\n<\/li>\n<li data-start=\"1971\" data-end=\"2052\">\n<p data-start=\"1974\" data-end=\"2052\">Enviar comunicaciones informativas y boletines, si as\u00ed lo autoriza el usuario.<\/p>\n<\/li>\n<\/ol>\n<p data-start=\"2054\" data-end=\"2190\">En cualquier momento se podr\u00e1 revocar el consentimiento u oponerse al env\u00edo de comunicaciones escribiendo a <strong data-start=\"2162\" data-end=\"2189\"><a class=\"cursor-pointer\" rel=\"noopener\" data-start=\"2164\" data-end=\"2187\">argianzentroa@gmail.com<\/a><\/strong>.<\/p>\n<hr data-start=\"2192\" data-end=\"2195\">\n<h3 data-start=\"2197\" data-end=\"2226\">Conservaci\u00f3n de los datos<\/h3>\n<p data-start=\"2228\" data-end=\"2441\">Los datos se conservar\u00e1n mientras se mantenga la relaci\u00f3n comercial o hasta que se solicite su supresi\u00f3n. Posteriormente, podr\u00e1n mantenerse bloqueados por el tiempo necesario para cumplir con obligaciones legales.<\/p>\n<hr data-start=\"2443\" data-end=\"2446\">\n<h3 data-start=\"2448\" data-end=\"2464\">Legitimaci\u00f3n<\/h3>\n<p data-start=\"2466\" data-end=\"2492\">El tratamiento se basa en:<\/p>\n<ul data-start=\"2494\" data-end=\"2612\">\n<li data-start=\"2494\" data-end=\"2526\">\n<p data-start=\"2496\" data-end=\"2526\">El consentimiento del usuario.<\/p>\n<\/li>\n<li data-start=\"2527\" data-end=\"2569\">\n<p data-start=\"2529\" data-end=\"2569\">La relaci\u00f3n contractual previa o actual.<\/p>\n<\/li>\n<li data-start=\"2570\" data-end=\"2612\">\n<p data-start=\"2572\" data-end=\"2612\">El cumplimiento de obligaciones legales.<\/p>\n<\/li>\n<\/ul>\n<hr data-start=\"2614\" data-end=\"2617\">\n<h3 data-start=\"2619\" data-end=\"2636\">Destinatarios<\/h3>\n<p data-start=\"2638\" data-end=\"2722\">No se comunicar\u00e1n datos a terceros ajenos a <strong data-start=\"2682\" data-end=\"2697\">ARGIAN C.B.<\/strong>, salvo obligaci\u00f3n legal.<\/p>\n<hr data-start=\"2724\" data-end=\"2727\">\n<h3 data-start=\"2729\" data-end=\"2759\">Comunicaciones comerciales<\/h3>\n<p data-start=\"2761\" data-end=\"2951\"><strong data-start=\"2761\" data-end=\"2776\">ARGIAN C.B.<\/strong> no enviar\u00e1 comunicaciones comerciales sin el consentimiento previo del usuario, salvo en casos en los que ya exista una relaci\u00f3n contractual previa sobre servicios similares.<\/p>\n<p data-start=\"2953\" data-end=\"3054\">En todo caso, el usuario puede solicitar en cualquier momento dejar de recibir dichas comunicaciones.<\/p>\t\t\t\t\t\t\t\t<\/div>\n\t\t\t\t\t<\/div>\n\t\t\t\t<\/div>\n\t\t\t\t<\/div>\n\t\t","protected":false},"excerpt":{"rendered":"<p>ARGIAN C.B.Jos\u00e9 Mar\u00eda de Escuza, 1, 4I \u2013 48013 Bilbao (Bizkaia)NIF: J95831087Email: argianzentroa@gmail.comTel\u00e9fono: 944 65 72 87 www.argian.org informa a los interesados acerca de su pol\u00edtica de protecci\u00f3n de datos personales. En aplicaci\u00f3n del Reglamento (UE) 2016\/679 (RGPD) y la Ley Org\u00e1nica 3\/2018 (LOPDGDD), los datos personales que se recogen a trav\u00e9s de los formularios [&hellip;]<\/p>\n","protected":false},"author":1,"featured_media":0,"parent":0,"menu_order":0,"comment_status":"closed","ping_status":"closed","template":"elementor_header_footer","meta":{"footnotes":""},"class_list":["post-1813","page","type-page","status-publish","hentry"],"_links":{"self":[{"href":"https:\/\/argian.org\/www\/wp-json\/wp\/v2\/pages\/1813","targetHints":{"allow":["GET"]}}],"collection":[{"href":"https:\/\/argian.org\/www\/wp-json\/wp\/v2\/pages"}],"about":[{"href":"https:\/\/argian.org\/www\/wp-json\/wp\/v2\/types\/page"}],"author":[{"embeddable":true,"href":"https:\/\/argian.org\/www\/wp-json\/wp\/v2\/users\/1"}],"replies":[{"embeddable":true,"href":"https:\/\/argian.org\/www\/wp-json\/wp\/v2\/comments?post=1813"}],"version-history":[{"count":7,"href":"https:\/\/argian.org\/www\/wp-json\/wp\/v2\/pages\/1813\/revisions"}],"predecessor-version":[{"id":1820,"href":"https:\/\/argian.org\/www\/wp-json\/wp\/v2\/pages\/1813\/revisions\/1820"}],"wp:attachment":[{"href":"https:\/\/argian.org\/www\/wp-json\/wp\/v2\/media?parent=1813"}],"curies":[{"name":"wp","href":"https:\/\/api.w.org\/{rel}","templated":true}]}}