{"id":1808,"date":"2025-06-25T14:44:38","date_gmt":"2025-06-25T14:44:38","guid":{"rendered":"https:\/\/argian.org\/www\/?page_id=1808"},"modified":"2025-06-25T14:46:54","modified_gmt":"2025-06-25T14:46:54","slug":"aviso-legal","status":"publish","type":"page","link":"https:\/\/argian.org\/www\/aviso-legal\/","title":{"rendered":"Aviso Legal"},"content":{"rendered":"\t\t<div data-elementor-type=\"wp-page\" data-elementor-id=\"1808\" class=\"elementor elementor-1808\" data-elementor-post-type=\"page\">\n\t\t\t\t<div class=\"elementor-element elementor-element-d47f1bd e-flex e-con-boxed e-con e-parent\" data-id=\"d47f1bd\" data-element_type=\"container\" data-e-type=\"container\">\n\t\t\t\t\t<div class=\"e-con-inner\">\n\t\t\t\t<div class=\"elementor-element elementor-element-5123edc elementor-widget elementor-widget-text-editor\" data-id=\"5123edc\" data-element_type=\"widget\" data-e-type=\"widget\" data-widget_type=\"text-editor.default\">\n\t\t\t\t\t\t\t\t\t<p data-start=\"260\" data-end=\"455\">El presente sitio web es propiedad de <strong data-start=\"298\" data-end=\"313\">ARGIAN C.B.<\/strong>, y tiene por objeto facilitar a nuestros clientes, as\u00ed como a cualquier otro usuario, informaci\u00f3n relativa a los servicios de <strong data-start=\"440\" data-end=\"455\">ARGIAN C.B.<\/strong><\/p><p data-start=\"457\" data-end=\"618\">Le rogamos lea atentamente la siguiente informaci\u00f3n antes de hacer uso de esta p\u00e1gina web, ya que su utilizaci\u00f3n est\u00e1 sujeta a las siguientes condiciones de uso:<\/p><ul><li data-start=\"620\" data-end=\"853\"><strong data-start=\"620\" data-end=\"626\">I.<\/strong> La totalidad del contenido de la p\u00e1gina web est\u00e1 protegido por los derechos de propiedad industrial e intelectual titularidad de <strong data-start=\"756\" data-end=\"771\">ARGIAN C.B.<\/strong> o, en su caso, de sus licencias, que el usuario de esta p\u00e1gina web debe respetar.<\/li><li data-start=\"855\" data-end=\"1222\"><strong data-start=\"855\" data-end=\"862\">II.<\/strong> La reproducci\u00f3n, copia, uso, distribuci\u00f3n, comercializaci\u00f3n, comunicaci\u00f3n p\u00fablica o cualquier otra actividad que se pueda llevar a cabo con la informaci\u00f3n contenida en estas p\u00e1ginas web y que se realice sin autorizaci\u00f3n expresa por parte de <strong data-start=\"1104\" data-end=\"1119\">ARGIAN C.B.<\/strong> y\/o de los propietarios de las marcas, constituye una infracci\u00f3n castigada por la legislaci\u00f3n vigente.<\/li><li data-start=\"1224\" data-end=\"1518\"><strong data-start=\"1224\" data-end=\"1232\">III.<\/strong> Queda prohibida su reproducci\u00f3n, copia, uso, distribuci\u00f3n, comercializaci\u00f3n, comunicaci\u00f3n p\u00fablica o cualquier otra actividad con la informaci\u00f3n contenida en estas p\u00e1ginas web, de forma total o parcial, sin la autorizaci\u00f3n expresa de <strong data-start=\"1466\" data-end=\"1481\">ARGIAN C.B.<\/strong> y de los propietarios de las marcas.<\/li><li data-start=\"1520\" data-end=\"1643\"><strong data-start=\"1520\" data-end=\"1527\">IV.<\/strong> Los nombres y logotipos expuestos en estas p\u00e1ginas son marcas comerciales registradas, propiedad de <strong data-start=\"1628\" data-end=\"1643\">ARGIAN C.B.<\/strong><\/li><li data-start=\"1645\" data-end=\"1921\"><strong data-start=\"1645\" data-end=\"1651\">V.<\/strong> El nombre de dominio del sitio web es propiedad de <strong data-start=\"1703\" data-end=\"1718\">ARGIAN C.B.<\/strong>. Dicho dominio no puede ser empleado en relaci\u00f3n con otros productos o servicios que no sean de <strong data-start=\"1815\" data-end=\"1830\">ARGIAN C.B.<\/strong>, y que puedan causar confusi\u00f3n entre los usuarios o desprestigiar la imagen de la entidad.<\/li><li data-start=\"1923\" data-end=\"2213\"><strong data-start=\"1923\" data-end=\"1930\">VI.<\/strong> <strong data-start=\"1931\" data-end=\"1946\">ARGIAN C.B.<\/strong> rechaza toda responsabilidad que se derive de la mala utilizaci\u00f3n de los contenidos expuestos en estas p\u00e1ginas y se reserva el derecho a actualizarlos, eliminarlos, establecer limitaciones o restringir su acceso en cualquier momento, de manera temporal o permanente.<\/li><li data-start=\"2215\" data-end=\"2521\"><strong data-start=\"2215\" data-end=\"2223\">VII.<\/strong> <strong data-start=\"2224\" data-end=\"2239\">ARGIAN C.B.<\/strong> no se hace responsable de los posibles errores de seguridad que se pudieran producir por el uso de ordenadores infectados con virus inform\u00e1ticos o de las consecuencias que se pudieran derivar del mal funcionamiento del navegador o por el uso de versiones no actualizadas del mismo.<\/li><li data-start=\"2523\" data-end=\"2765\"><strong data-start=\"2523\" data-end=\"2532\">VIII.<\/strong> <strong data-start=\"2533\" data-end=\"2548\">ARGIAN C.B.<\/strong> se reserva la facultad de, en cualquier momento y sin necesidad de previo aviso, realizar modificaciones y actualizaciones sobre la informaci\u00f3n contenida en su p\u00e1gina web, as\u00ed como en su configuraci\u00f3n o presentaci\u00f3n.<\/li><li data-start=\"2767\" data-end=\"3241\"><strong data-start=\"2767\" data-end=\"2774\">IX.<\/strong> Para utilizar algunos de los servicios ofrecidos en esta p\u00e1gina web, los usuarios deben proporcionar ciertos datos de car\u00e1cter personal. Por ello, <strong data-start=\"2922\" data-end=\"2937\">ARGIAN C.B.<\/strong> se compromete a respetar la confidencialidad de dichos datos en aplicaci\u00f3n del RGPD (UE) 2016\/679 y la LOPDGDD 3\/2018, de 5 de diciembre, as\u00ed como de la Ley 34\/2002, de 11 de julio, de Servicios de la Sociedad de la Informaci\u00f3n y de Comercio Electr\u00f3nico en cuanto al env\u00edo de comunicaciones comerciales.<\/li><li data-start=\"3243\" data-end=\"3671\"><strong data-start=\"3243\" data-end=\"3249\">X.<\/strong> El usuario es consciente y acepta voluntariamente que tanto el acceso a la p\u00e1gina web como el uso de cualquiera de sus contenidos se realiza bajo su \u00fanica y exclusiva responsabilidad. Se obliga a utilizarla conforme a las leyes, los usos del tr\u00e1fico y estas condiciones, respondiendo frente a <strong data-start=\"3543\" data-end=\"3558\">ARGIAN C.B.<\/strong> o frente a terceros por los da\u00f1os y perjuicios que pudieran derivarse del incumplimiento de dichas obligaciones.<\/li><\/ul><hr data-start=\"3673\" data-end=\"3676\" \/><h3 data-start=\"3678\" data-end=\"3707\">Informaci\u00f3n de la empresa<\/h3><p data-start=\"3709\" data-end=\"3861\"><strong data-start=\"3709\" data-end=\"3724\">ARGIAN C.B.<\/strong><br data-start=\"3724\" data-end=\"3727\" \/>NIF: J95831087<br data-start=\"3741\" data-end=\"3744\" \/>Jos\u00e9 Mar\u00eda de Escuza, 1, 4I<br data-start=\"3771\" data-end=\"3774\" \/>48013 Bilbao \u2013 Bizkaia \u2013 Espa\u00f1a<br data-start=\"3805\" data-end=\"3808\" \/>Tel.: 944 65 72 87<br data-start=\"3826\" data-end=\"3829\" \/>Email: <a class=\"cursor-pointer\" rel=\"noopener\" data-start=\"3836\" data-end=\"3859\">argianzentroa@gmail.com<\/a><\/p>\t\t\t\t\t\t\t\t<\/div>\n\t\t\t\t\t<\/div>\n\t\t\t\t<\/div>\n\t\t\t\t<\/div>\n\t\t","protected":false},"excerpt":{"rendered":"<p>El presente sitio web es propiedad de ARGIAN C.B., y tiene por objeto facilitar a nuestros clientes, as\u00ed como a cualquier otro usuario, informaci\u00f3n relativa a los servicios de ARGIAN C.B. Le rogamos lea atentamente la siguiente informaci\u00f3n antes de hacer uso de esta p\u00e1gina web, ya que su utilizaci\u00f3n est\u00e1 sujeta a las siguientes [&hellip;]<\/p>\n","protected":false},"author":1,"featured_media":0,"parent":0,"menu_order":0,"comment_status":"closed","ping_status":"closed","template":"elementor_header_footer","meta":{"footnotes":""},"class_list":["post-1808","page","type-page","status-publish","hentry"],"_links":{"self":[{"href":"https:\/\/argian.org\/www\/wp-json\/wp\/v2\/pages\/1808","targetHints":{"allow":["GET"]}}],"collection":[{"href":"https:\/\/argian.org\/www\/wp-json\/wp\/v2\/pages"}],"about":[{"href":"https:\/\/argian.org\/www\/wp-json\/wp\/v2\/types\/page"}],"author":[{"embeddable":true,"href":"https:\/\/argian.org\/www\/wp-json\/wp\/v2\/users\/1"}],"replies":[{"embeddable":true,"href":"https:\/\/argian.org\/www\/wp-json\/wp\/v2\/comments?post=1808"}],"version-history":[{"count":4,"href":"https:\/\/argian.org\/www\/wp-json\/wp\/v2\/pages\/1808\/revisions"}],"predecessor-version":[{"id":1812,"href":"https:\/\/argian.org\/www\/wp-json\/wp\/v2\/pages\/1808\/revisions\/1812"}],"wp:attachment":[{"href":"https:\/\/argian.org\/www\/wp-json\/wp\/v2\/media?parent=1808"}],"curies":[{"name":"wp","href":"https:\/\/api.w.org\/{rel}","templated":true}]}}