{"id":18,"date":"2025-04-29T11:52:20","date_gmt":"2025-04-29T11:52:20","guid":{"rendered":"https:\/\/argian.org\/www\/?page_id=18"},"modified":"2025-06-02T15:22:03","modified_gmt":"2025-06-02T15:22:03","slug":"tipos-de-terapia","status":"publish","type":"page","link":"https:\/\/argian.org\/www\/tipos-de-terapia\/","title":{"rendered":"Tipos de terapia"},"content":{"rendered":"\t\t<div data-elementor-type=\"wp-page\" data-elementor-id=\"18\" class=\"elementor elementor-18\" data-elementor-post-type=\"page\">\n\t\t\t\t<div class=\"elementor-element elementor-element-a2daf5d e-con-full e-flex e-con e-parent\" data-id=\"a2daf5d\" data-element_type=\"container\" data-e-type=\"container\">\n\t\t\t\t<div class=\"elementor-element elementor-element-f392455 elementor-widget__width-inherit elementor-widget elementor-widget-heading\" data-id=\"f392455\" data-element_type=\"widget\" data-e-type=\"widget\" data-widget_type=\"heading.default\">\n\t\t\t\t\t<h2 class=\"elementor-heading-title elementor-size-default\">Tipos de Terapia<\/h2>\t\t\t\t<\/div>\n\t\t\t\t<div class=\"elementor-element elementor-element-573ce7d elementor-widget elementor-widget-spacer\" data-id=\"573ce7d\" data-element_type=\"widget\" data-e-type=\"widget\" data-widget_type=\"spacer.default\">\n\t\t\t\t\t\t\t<div class=\"elementor-spacer\">\n\t\t\t<div class=\"elementor-spacer-inner\"><\/div>\n\t\t<\/div>\n\t\t\t\t\t\t<\/div>\n\t\t<div class=\"elementor-element elementor-element-f35aa9a e-con-full e-flex e-con e-child\" data-id=\"f35aa9a\" data-element_type=\"container\" data-e-type=\"container\">\n\t\t<div class=\"elementor-element elementor-element-851f212 e-con-full e-flex e-con e-child\" data-id=\"851f212\" data-element_type=\"container\" data-e-type=\"container\">\n\t\t<div class=\"elementor-element elementor-element-3e7993b e-con-full e-flex e-con e-child\" data-id=\"3e7993b\" data-element_type=\"container\" data-e-type=\"container\">\n\t\t\t\t<div class=\"elementor-element elementor-element-368fce3 elementor-widget elementor-widget-menu-anchor\" data-id=\"368fce3\" data-element_type=\"widget\" data-e-type=\"widget\" data-widget_type=\"menu-anchor.default\">\n\t\t\t\t\t\t\t<div class=\"elementor-menu-anchor\" id=\"individual\"><\/div>\n\t\t\t\t\t\t<\/div>\n\t\t\t\t<div class=\"elementor-element elementor-element-c526875 elementor-widget elementor-widget-heading\" data-id=\"c526875\" data-element_type=\"widget\" data-e-type=\"widget\" data-widget_type=\"heading.default\">\n\t\t\t\t\t<h2 class=\"elementor-heading-title elementor-size-default\">individual<\/h2>\t\t\t\t<\/div>\n\t\t\t\t<div class=\"elementor-element elementor-element-3709f53 elementor-widget__width-initial elementor-widget elementor-widget-text-editor\" data-id=\"3709f53\" data-element_type=\"widget\" data-e-type=\"widget\" data-widget_type=\"text-editor.default\">\n\t\t\t\t\t\t\t\t\t<p>La terapia individual es un espacio \u00edntimo y confidencial donde la persona se abre a su propia experiencia, facilitando un proceso de autoconocimiento. A trav\u00e9s del v\u00ednculo con el terapeuta, se exploran bloqueos emocionales y conflictos, permitiendo una comprensi\u00f3n liberadora. Enfocada en el presente, la persona asume la responsabilidad de sus pensamientos, emociones y acciones, descubriendo su potencial, y aceptando su verdadera esencia con mayor espontaneidad.<\/p>\t\t\t\t\t\t\t\t<\/div>\n\t\t\t\t<\/div>\n\t\t<div class=\"elementor-element elementor-element-f721ab8 e-con-full e-flex e-con e-child\" data-id=\"f721ab8\" data-element_type=\"container\" data-e-type=\"container\">\n\t\t\t\t<div class=\"elementor-element elementor-element-f36f090 elementor-widget__width-initial elementor-widget elementor-widget-image\" data-id=\"f36f090\" data-element_type=\"widget\" data-e-type=\"widget\" data-widget_type=\"image.default\">\n\t\t\t\t\t\t\t\t\t\t\t\t\t\t\t<img fetchpriority=\"high\" decoding=\"async\" width=\"2048\" height=\"1365\" src=\"https:\/\/argian.org\/www\/wp-content\/uploads\/2025\/05\/individual.webp\" class=\"attachment-full size-full wp-image-920\" alt=\"\" srcset=\"https:\/\/argian.org\/www\/wp-content\/uploads\/2025\/05\/individual.webp 2048w, https:\/\/argian.org\/www\/wp-content\/uploads\/2025\/05\/individual-300x200.webp 300w, https:\/\/argian.org\/www\/wp-content\/uploads\/2025\/05\/individual-1024x683.webp 1024w, https:\/\/argian.org\/www\/wp-content\/uploads\/2025\/05\/individual-768x512.webp 768w, https:\/\/argian.org\/www\/wp-content\/uploads\/2025\/05\/individual-1536x1024.webp 1536w\" sizes=\"(max-width: 2048px) 100vw, 2048px\" \/>\t\t\t\t\t\t\t\t\t\t\t\t\t\t\t<\/div>\n\t\t\t\t<\/div>\n\t\t\t\t<\/div>\n\t\t\t\t<\/div>\n\t\t<div class=\"elementor-element elementor-element-bf015a5 e-con-full e-flex e-con e-child\" data-id=\"bf015a5\" data-element_type=\"container\" data-e-type=\"container\">\n\t\t<div class=\"elementor-element elementor-element-0acf5aa e-con-full e-flex e-con e-child\" data-id=\"0acf5aa\" data-element_type=\"container\" data-e-type=\"container\">\n\t\t<div class=\"elementor-element elementor-element-21c8092 e-con-full e-flex e-con e-child\" data-id=\"21c8092\" data-element_type=\"container\" data-e-type=\"container\">\n\t\t\t\t<div class=\"elementor-element elementor-element-a0b1b1e elementor-widget elementor-widget-menu-anchor\" data-id=\"a0b1b1e\" data-element_type=\"widget\" data-e-type=\"widget\" data-widget_type=\"menu-anchor.default\">\n\t\t\t\t\t\t\t<div class=\"elementor-menu-anchor\" id=\"pareja\"><\/div>\n\t\t\t\t\t\t<\/div>\n\t\t\t\t<div class=\"elementor-element elementor-element-77e90eb elementor-widget elementor-widget-heading\" data-id=\"77e90eb\" data-element_type=\"widget\" data-e-type=\"widget\" data-widget_type=\"heading.default\">\n\t\t\t\t\t<h2 class=\"elementor-heading-title elementor-size-default\">Pareja<\/h2>\t\t\t\t<\/div>\n\t\t\t\t<div class=\"elementor-element elementor-element-532e830 elementor-widget__width-initial elementor-widget elementor-widget-text-editor\" data-id=\"532e830\" data-element_type=\"widget\" data-e-type=\"widget\" data-widget_type=\"text-editor.default\">\n\t\t\t\t\t\t\t\t\t<p>Una crisis de pareja revela expectativas incumplidas que generan exigencias y culpabilizaci\u00f3n. Con el tiempo, el compromiso puede verse afectado y necesitar un reajuste. La terapia de pareja ayuda a tomar conciencia de los patrones de comunicaci\u00f3n, relaciones de poder y modelos familiares heredados, permitiendo un compromiso m\u00e1s libre de expectativas. Este proceso fomenta la aceptaci\u00f3n de la otra persona por su singularidad, favoreciendo un v\u00ednculo respetuoso y amoroso.<\/p>\t\t\t\t\t\t\t\t<\/div>\n\t\t\t\t<\/div>\n\t\t<div class=\"elementor-element elementor-element-dcd01e5 e-con-full e-flex e-con e-child\" data-id=\"dcd01e5\" data-element_type=\"container\" data-e-type=\"container\">\n\t\t\t\t<div class=\"elementor-element elementor-element-bc5e3c6 elementor-widget__width-initial elementor-widget elementor-widget-image\" data-id=\"bc5e3c6\" data-element_type=\"widget\" data-e-type=\"widget\" data-widget_type=\"image.default\">\n\t\t\t\t\t\t\t\t\t\t\t\t\t\t\t<img decoding=\"async\" width=\"2048\" height=\"1365\" src=\"https:\/\/argian.org\/www\/wp-content\/uploads\/2025\/05\/pareja.webp\" class=\"attachment-full size-full wp-image-922\" alt=\"\" srcset=\"https:\/\/argian.org\/www\/wp-content\/uploads\/2025\/05\/pareja.webp 2048w, https:\/\/argian.org\/www\/wp-content\/uploads\/2025\/05\/pareja-300x200.webp 300w, https:\/\/argian.org\/www\/wp-content\/uploads\/2025\/05\/pareja-1024x683.webp 1024w, https:\/\/argian.org\/www\/wp-content\/uploads\/2025\/05\/pareja-768x512.webp 768w, https:\/\/argian.org\/www\/wp-content\/uploads\/2025\/05\/pareja-1536x1024.webp 1536w\" sizes=\"(max-width: 2048px) 100vw, 2048px\" \/>\t\t\t\t\t\t\t\t\t\t\t\t\t\t\t<\/div>\n\t\t\t\t<\/div>\n\t\t\t\t<\/div>\n\t\t\t\t<\/div>\n\t\t<div class=\"elementor-element elementor-element-f2d5fca e-con-full e-flex e-con e-child\" data-id=\"f2d5fca\" data-element_type=\"container\" data-e-type=\"container\">\n\t\t<div class=\"elementor-element elementor-element-c1a2b79 e-con-full e-flex e-con e-child\" data-id=\"c1a2b79\" data-element_type=\"container\" data-e-type=\"container\">\n\t\t<div class=\"elementor-element elementor-element-557b96c e-con-full e-flex e-con e-child\" data-id=\"557b96c\" data-element_type=\"container\" data-e-type=\"container\">\n\t\t\t\t<div class=\"elementor-element elementor-element-4746ba2 elementor-widget elementor-widget-menu-anchor\" data-id=\"4746ba2\" data-element_type=\"widget\" data-e-type=\"widget\" data-widget_type=\"menu-anchor.default\">\n\t\t\t\t\t\t\t<div class=\"elementor-menu-anchor\" id=\"familiar\"><\/div>\n\t\t\t\t\t\t<\/div>\n\t\t\t\t<div class=\"elementor-element elementor-element-0041b92 elementor-widget elementor-widget-heading\" data-id=\"0041b92\" data-element_type=\"widget\" data-e-type=\"widget\" data-widget_type=\"heading.default\">\n\t\t\t\t\t<h2 class=\"elementor-heading-title elementor-size-default\">Familiar<\/h2>\t\t\t\t<\/div>\n\t\t\t\t<div class=\"elementor-element elementor-element-f5c8bd6 elementor-widget__width-initial elementor-widget elementor-widget-text-editor\" data-id=\"f5c8bd6\" data-element_type=\"widget\" data-e-type=\"widget\" data-widget_type=\"text-editor.default\">\n\t\t\t\t\t\t\t\t\t<p>El sistema familiar no solo genera problemas, tambi\u00e9n puede ofrecer soluciones. La terapia familiar no se enfoca en un solo miembro, sino en todas las interacciones dentro del sistema. Todos los miembros contribuyen tanto a la disfunci\u00f3n como a la sanaci\u00f3n. La terapia expone roles, lealtades, tab\u00faes y v\u00ednculos familiares, y promueve la individuaci\u00f3n. Al participar activamente, la familia facilita la reparaci\u00f3n y desculpabilizaci\u00f3n del miembro que expresa los s\u00edntomas, reconociendo la responsabilidad compartida en el problema.<\/p>\t\t\t\t\t\t\t\t<\/div>\n\t\t\t\t<\/div>\n\t\t<div class=\"elementor-element elementor-element-4d4e25f e-con-full e-flex e-con e-child\" data-id=\"4d4e25f\" data-element_type=\"container\" data-e-type=\"container\">\n\t\t\t\t<div class=\"elementor-element elementor-element-d8fb14c elementor-widget__width-initial elementor-widget elementor-widget-image\" data-id=\"d8fb14c\" data-element_type=\"widget\" data-e-type=\"widget\" data-widget_type=\"image.default\">\n\t\t\t\t\t\t\t\t\t\t\t\t\t\t\t<img decoding=\"async\" width=\"2048\" height=\"1365\" src=\"https:\/\/argian.org\/www\/wp-content\/uploads\/2025\/05\/familiar.webp\" class=\"attachment-full size-full wp-image-918\" alt=\"\" srcset=\"https:\/\/argian.org\/www\/wp-content\/uploads\/2025\/05\/familiar.webp 2048w, https:\/\/argian.org\/www\/wp-content\/uploads\/2025\/05\/familiar-300x200.webp 300w, https:\/\/argian.org\/www\/wp-content\/uploads\/2025\/05\/familiar-1024x683.webp 1024w, https:\/\/argian.org\/www\/wp-content\/uploads\/2025\/05\/familiar-768x512.webp 768w, https:\/\/argian.org\/www\/wp-content\/uploads\/2025\/05\/familiar-1536x1024.webp 1536w\" sizes=\"(max-width: 2048px) 100vw, 2048px\" \/>\t\t\t\t\t\t\t\t\t\t\t\t\t\t\t<\/div>\n\t\t\t\t<\/div>\n\t\t\t\t<\/div>\n\t\t\t\t<\/div>\n\t\t<div class=\"elementor-element elementor-element-bb50986 e-con-full e-flex e-con e-child\" data-id=\"bb50986\" data-element_type=\"container\" data-e-type=\"container\">\n\t\t<div class=\"elementor-element elementor-element-b164543 e-con-full e-flex e-con e-child\" data-id=\"b164543\" data-element_type=\"container\" data-e-type=\"container\">\n\t\t<div class=\"elementor-element elementor-element-da162ba e-con-full e-flex e-con e-child\" data-id=\"da162ba\" data-element_type=\"container\" data-e-type=\"container\">\n\t\t\t\t<div class=\"elementor-element elementor-element-d8f79bf elementor-widget elementor-widget-menu-anchor\" data-id=\"d8f79bf\" data-element_type=\"widget\" data-e-type=\"widget\" data-widget_type=\"menu-anchor.default\">\n\t\t\t\t\t\t\t<div class=\"elementor-menu-anchor\" id=\"grupal\"><\/div>\n\t\t\t\t\t\t<\/div>\n\t\t\t\t<div class=\"elementor-element elementor-element-fccbe32 elementor-widget elementor-widget-heading\" data-id=\"fccbe32\" data-element_type=\"widget\" data-e-type=\"widget\" data-widget_type=\"heading.default\">\n\t\t\t\t\t<h2 class=\"elementor-heading-title elementor-size-default\">GRUPal<\/h2>\t\t\t\t<\/div>\n\t\t\t\t<div class=\"elementor-element elementor-element-0b770e5 elementor-widget__width-initial elementor-widget elementor-widget-text-editor\" data-id=\"0b770e5\" data-element_type=\"widget\" data-e-type=\"widget\" data-widget_type=\"text-editor.default\">\n\t\t\t\t\t\t\t\t\t<p>La terapia grupal refleja din\u00e1micas familiares y relacionales que han moldeado nuestra forma de ser. En el grupo se reproducen estilos de relaci\u00f3n, ofreciendo un espacio para explorar nuevas formas de interacci\u00f3n. El encuentro con otros permite compartir conflictos y crear una red de apoyo, superando la idea de ser v\u00edctima aislada. A trav\u00e9s de las interacciones y proyecciones, el grupo ayuda a tomar conciencia de patrones disfuncionales y potenciales, abriendo un espacio de reparaci\u00f3n y decisiones responsables sobre c\u00f3mo enfrentar la vida.<\/p><p>\u00a0<\/p>\t\t\t\t\t\t\t\t<\/div>\n\t\t\t\t<\/div>\n\t\t<div class=\"elementor-element elementor-element-49ec613 e-con-full e-flex e-con e-child\" data-id=\"49ec613\" data-element_type=\"container\" data-e-type=\"container\">\n\t\t\t\t<div class=\"elementor-element elementor-element-01e1b68 elementor-widget__width-initial elementor-widget elementor-widget-image\" data-id=\"01e1b68\" data-element_type=\"widget\" data-e-type=\"widget\" data-widget_type=\"image.default\">\n\t\t\t\t\t\t\t\t\t\t\t\t\t\t\t<img loading=\"lazy\" decoding=\"async\" width=\"2048\" height=\"1365\" src=\"https:\/\/argian.org\/www\/wp-content\/uploads\/2025\/05\/grupal.webp\" class=\"attachment-full size-full wp-image-919\" alt=\"\" srcset=\"https:\/\/argian.org\/www\/wp-content\/uploads\/2025\/05\/grupal.webp 2048w, https:\/\/argian.org\/www\/wp-content\/uploads\/2025\/05\/grupal-300x200.webp 300w, https:\/\/argian.org\/www\/wp-content\/uploads\/2025\/05\/grupal-1024x683.webp 1024w, https:\/\/argian.org\/www\/wp-content\/uploads\/2025\/05\/grupal-768x512.webp 768w, https:\/\/argian.org\/www\/wp-content\/uploads\/2025\/05\/grupal-1536x1024.webp 1536w\" sizes=\"(max-width: 2048px) 100vw, 2048px\" \/>\t\t\t\t\t\t\t\t\t\t\t\t\t\t\t<\/div>\n\t\t\t\t<\/div>\n\t\t\t\t<\/div>\n\t\t\t\t<\/div>\n\t\t<div class=\"elementor-element elementor-element-814d5a3 e-con-full e-flex e-con e-child\" data-id=\"814d5a3\" data-element_type=\"container\" data-e-type=\"container\">\n\t\t<div class=\"elementor-element elementor-element-60d7a8f e-con-full e-flex e-con e-child\" data-id=\"60d7a8f\" data-element_type=\"container\" data-e-type=\"container\">\n\t\t<div class=\"elementor-element elementor-element-90b82ce e-con-full e-flex e-con e-child\" data-id=\"90b82ce\" data-element_type=\"container\" data-e-type=\"container\">\n\t\t\t\t<div class=\"elementor-element elementor-element-b287b78 elementor-widget elementor-widget-menu-anchor\" data-id=\"b287b78\" data-element_type=\"widget\" data-e-type=\"widget\" data-widget_type=\"menu-anchor.default\">\n\t\t\t\t\t\t\t<div class=\"elementor-menu-anchor\" id=\"infancia\"><\/div>\n\t\t\t\t\t\t<\/div>\n\t\t\t\t<div class=\"elementor-element elementor-element-e3e7242 elementor-widget elementor-widget-heading\" data-id=\"e3e7242\" data-element_type=\"widget\" data-e-type=\"widget\" data-widget_type=\"heading.default\">\n\t\t\t\t\t<h2 class=\"elementor-heading-title elementor-size-default\">Infancia\ny adolescencia<\/h2>\t\t\t\t<\/div>\n\t\t\t\t<div class=\"elementor-element elementor-element-c0825d2 elementor-widget__width-initial elementor-widget elementor-widget-text-editor\" data-id=\"c0825d2\" data-element_type=\"widget\" data-e-type=\"widget\" data-widget_type=\"text-editor.default\">\n\t\t\t\t\t\t\t\t\t<p>Ni\u00f1os, ni\u00f1as y adolescentes acuden a terapia para aliviar situaciones de sufrimiento, como acoso escolar, trastornos del sue\u00f1o o alimentaci\u00f3n, ansiedad, depresi\u00f3n o eventos vitales complicados. La terapia les ayuda a expresar y comprender sus emociones, reduciendo el sufrimiento y la culpa. Con ni\u00f1os y ni\u00f1as se trabaja a trav\u00e9s del juego, lo simb\u00f3lico y la expresi\u00f3n libre, mientras que con adolescentes se emplea tambi\u00e9n la palabra y la narraci\u00f3n directa, en un espacio de confianza y l\u00edmites claros, acompa\u00f1ados por una persona adulta.<\/p>\t\t\t\t\t\t\t\t<\/div>\n\t\t\t\t<\/div>\n\t\t<div class=\"elementor-element elementor-element-5bda5c5 e-con-full e-flex e-con e-child\" data-id=\"5bda5c5\" data-element_type=\"container\" data-e-type=\"container\">\n\t\t\t\t<div class=\"elementor-element elementor-element-833f5c3 elementor-widget__width-initial elementor-widget elementor-widget-image\" data-id=\"833f5c3\" data-element_type=\"widget\" data-e-type=\"widget\" data-widget_type=\"image.default\">\n\t\t\t\t\t\t\t\t\t\t\t\t\t\t\t<img loading=\"lazy\" decoding=\"async\" width=\"2048\" height=\"1365\" src=\"https:\/\/argian.org\/www\/wp-content\/uploads\/2025\/05\/infancia.webp\" class=\"attachment-full size-full wp-image-921\" alt=\"\" srcset=\"https:\/\/argian.org\/www\/wp-content\/uploads\/2025\/05\/infancia.webp 2048w, https:\/\/argian.org\/www\/wp-content\/uploads\/2025\/05\/infancia-300x200.webp 300w, https:\/\/argian.org\/www\/wp-content\/uploads\/2025\/05\/infancia-1024x683.webp 1024w, https:\/\/argian.org\/www\/wp-content\/uploads\/2025\/05\/infancia-768x512.webp 768w, https:\/\/argian.org\/www\/wp-content\/uploads\/2025\/05\/infancia-1536x1024.webp 1536w\" sizes=\"(max-width: 2048px) 100vw, 2048px\" \/>\t\t\t\t\t\t\t\t\t\t\t\t\t\t\t<\/div>\n\t\t\t\t<\/div>\n\t\t\t\t<\/div>\n\t\t\t\t<\/div>\n\t\t\t\t<\/div>\n\t\t<div class=\"elementor-element elementor-element-19a9196 e-con-full bg-faro anim-color e-flex e-con e-parent\" data-id=\"19a9196\" data-element_type=\"container\" data-e-type=\"container\" --dur-color=\"\">\n\t\t\t\t<div class=\"elementor-element elementor-element-f0d6583 elementor-widget elementor-widget-heading\" data-id=\"f0d6583\" data-element_type=\"widget\" data-e-type=\"widget\" data-widget_type=\"heading.default\">\n\t\t\t\t\t<h2 class=\"elementor-heading-title elementor-size-default\">\u00a1Continuemos con el viaje, <br>\nlos faros nos gu\u00edan!<\/h2>\t\t\t\t<\/div>\n\t\t\t\t<div class=\"elementor-element elementor-element-3507c1b anim-pulse elementor-widget elementor-widget-button\" data-id=\"3507c1b\" data-element_type=\"widget\" data-e-type=\"widget\" data-widget_type=\"button.default\">\n\t\t\t\t\t\t\t\t\t\t<a class=\"elementor-button elementor-button-link elementor-size-sm\" href=\"https:\/\/argian.org\/www\/contacto\">\n\t\t\t\t\t\t<span class=\"elementor-button-content-wrapper\">\n\t\t\t\t\t\t\t\t\t<span class=\"elementor-button-text\">Cont\u00e1ctanos<\/span>\n\t\t\t\t\t<\/span>\n\t\t\t\t\t<\/a>\n\t\t\t\t\t\t\t\t<\/div>\n\t\t\t\t<\/div>\n\t\t\t\t<\/div>\n\t\t","protected":false},"excerpt":{"rendered":"<p>Tipos de Terapia individual La terapia individual es un espacio \u00edntimo y confidencial donde la persona se abre a su propia experiencia, facilitando un proceso de autoconocimiento. A trav\u00e9s del v\u00ednculo con el terapeuta, se exploran bloqueos emocionales y conflictos, permitiendo una comprensi\u00f3n liberadora. Enfocada en el presente, la persona asume la responsabilidad de sus [&hellip;]<\/p>\n","protected":false},"author":1,"featured_media":0,"parent":0,"menu_order":0,"comment_status":"closed","ping_status":"closed","template":"elementor_header_footer","meta":{"footnotes":""},"class_list":["post-18","page","type-page","status-publish","hentry"],"_links":{"self":[{"href":"https:\/\/argian.org\/www\/wp-json\/wp\/v2\/pages\/18","targetHints":{"allow":["GET"]}}],"collection":[{"href":"https:\/\/argian.org\/www\/wp-json\/wp\/v2\/pages"}],"about":[{"href":"https:\/\/argian.org\/www\/wp-json\/wp\/v2\/types\/page"}],"author":[{"embeddable":true,"href":"https:\/\/argian.org\/www\/wp-json\/wp\/v2\/users\/1"}],"replies":[{"embeddable":true,"href":"https:\/\/argian.org\/www\/wp-json\/wp\/v2\/comments?post=18"}],"version-history":[{"count":127,"href":"https:\/\/argian.org\/www\/wp-json\/wp\/v2\/pages\/18\/revisions"}],"predecessor-version":[{"id":1639,"href":"https:\/\/argian.org\/www\/wp-json\/wp\/v2\/pages\/18\/revisions\/1639"}],"wp:attachment":[{"href":"https:\/\/argian.org\/www\/wp-json\/wp\/v2\/media?parent=18"}],"curies":[{"name":"wp","href":"https:\/\/api.w.org\/{rel}","templated":true}]}}