{"id":1679,"date":"2025-06-04T15:07:31","date_gmt":"2025-06-04T15:07:31","guid":{"rendered":"https:\/\/argian.org\/www\/?page_id=1679"},"modified":"2025-06-26T13:18:25","modified_gmt":"2025-06-26T13:18:25","slug":"gestalt-aplicada-a-la-infancia-y-adolescencia","status":"publish","type":"page","link":"https:\/\/argian.org\/www\/gestalt-aplicada-a-la-infancia-y-adolescencia\/","title":{"rendered":"Gestalt aplicada a la infancia y Adolescencia"},"content":{"rendered":"\t\t<div data-elementor-type=\"wp-page\" data-elementor-id=\"1679\" class=\"elementor elementor-1679\" data-elementor-post-type=\"page\">\n\t\t\t\t<div class=\"elementor-element elementor-element-08ab8d0 e-con-full e-flex e-con e-parent\" data-id=\"08ab8d0\" data-element_type=\"container\" data-e-type=\"container\" data-settings=\"{&quot;background_background&quot;:&quot;classic&quot;}\">\n\t\t\t\t<div class=\"elementor-element elementor-element-1e8bddf elementor-widget elementor-widget-heading\" data-id=\"1e8bddf\" data-element_type=\"widget\" data-e-type=\"widget\" data-widget_type=\"heading.default\">\n\t\t\t\t\t<h2 class=\"elementor-heading-title elementor-size-default\">Gestalt aplicada <br>a la infancia <br>y adolescencia<\/h2>\t\t\t\t<\/div>\n\t\t\t\t<\/div>\n\t\t<div class=\"elementor-element elementor-element-de0a723 e-con-full bg-sistemica anim-color  e-flex e-con e-parent\" data-id=\"de0a723\" data-element_type=\"container\" data-e-type=\"container\">\n\t\t\t\t<div class=\"elementor-element elementor-element-f16435f elementor-widget__width-initial elementor-widget-tablet__width-inherit elementor-widget elementor-widget-text-editor\" data-id=\"f16435f\" data-element_type=\"widget\" data-e-type=\"widget\" data-widget_type=\"text-editor.default\">\n\t\t\t\t\t\t\t\t\t<p>Es una formaci\u00f3n dirigida al aprendizaje, vivencia y aplicaci\u00f3n de las herramientas y recursos gest\u00e1lticos desde una mirada sist\u00e9mica y de automaternaje para el acompa\u00f1amiento del ni\u00f1o\/a, del adolescente y sus familias. Una propuesta con la que acercar al profesional de la ayuda y a las personas que acompa\u00f1an la infancia desde una perspectiva de crecimiento y desarrollo personal.<\/p>\t\t\t\t\t\t\t\t<\/div>\n\t\t\t\t<\/div>\n\t\t<div class=\"elementor-element elementor-element-4984873 e-con-full e-flex e-con e-parent\" data-id=\"4984873\" data-element_type=\"container\" data-e-type=\"container\" data-settings=\"{&quot;background_background&quot;:&quot;classic&quot;}\">\n\t\t<div class=\"elementor-element elementor-element-b8a59b1 e-con-full e-flex e-con e-child\" data-id=\"b8a59b1\" data-element_type=\"container\" data-e-type=\"container\">\n\t\t\t\t<div class=\"elementor-element elementor-element-646df30 elementor-widget elementor-widget-image\" data-id=\"646df30\" data-element_type=\"widget\" data-e-type=\"widget\" data-widget_type=\"image.default\">\n\t\t\t\t\t\t\t\t\t\t\t\t\t\t\t<img fetchpriority=\"high\" decoding=\"async\" width=\"2048\" height=\"1365\" src=\"https:\/\/argian.org\/www\/wp-content\/uploads\/2025\/06\/GIA.webp\" class=\"attachment-full size-full wp-image-1804\" alt=\"\" srcset=\"https:\/\/argian.org\/www\/wp-content\/uploads\/2025\/06\/GIA.webp 2048w, https:\/\/argian.org\/www\/wp-content\/uploads\/2025\/06\/GIA-300x200.webp 300w, https:\/\/argian.org\/www\/wp-content\/uploads\/2025\/06\/GIA-1024x683.webp 1024w, https:\/\/argian.org\/www\/wp-content\/uploads\/2025\/06\/GIA-768x512.webp 768w, https:\/\/argian.org\/www\/wp-content\/uploads\/2025\/06\/GIA-1536x1024.webp 1536w\" sizes=\"(max-width: 2048px) 100vw, 2048px\" \/>\t\t\t\t\t\t\t\t\t\t\t\t\t\t\t<\/div>\n\t\t\t\t<\/div>\n\t\t<div class=\"elementor-element elementor-element-021511e e-con-full e-flex e-con e-child\" data-id=\"021511e\" data-element_type=\"container\" data-e-type=\"container\">\n\t\t\t\t<div class=\"elementor-element elementor-element-3c1fd61 elementor-widget__width-initial elementor-widget-mobile__width-inherit elementor-widget elementor-widget-text-editor\" data-id=\"3c1fd61\" data-element_type=\"widget\" data-e-type=\"widget\" data-widget_type=\"text-editor.default\">\n\t\t\t\t\t\t\t\t\t<p>En ella se profundiza en c\u00f3mo acompa\u00f1ar a los ni\u00f1os\/as, p\u00fabers y adolescentes desarrollando el propio automaternaje, entrenando una mirada respetuosa hacia la infancia que contribuye a la salud y bienestar del ni\u00f1o\/a, repercutiendo en su favorable desarrollo.<\/p>\t\t\t\t\t\t\t\t<\/div>\n\t\t\t\t<\/div>\n\t\t\t\t<\/div>\n\t\t<div class=\"elementor-element elementor-element-e0d240b e-con-full bg-formacion anim-color e-flex e-con e-parent\" data-id=\"e0d240b\" data-element_type=\"container\" data-e-type=\"container\">\n\t\t\t\t<div class=\"elementor-element elementor-element-e458074 elementor-widget__width-initial anim-pulse elementor-widget elementor-widget-heading\" data-id=\"e458074\" data-element_type=\"widget\" data-e-type=\"widget\" data-settings=\"{&quot;motion_fx_motion_fx_scrolling&quot;:&quot;yes&quot;,&quot;motion_fx_opacity_effect&quot;:&quot;yes&quot;,&quot;motion_fx_opacity_range&quot;:{&quot;unit&quot;:&quot;%&quot;,&quot;size&quot;:&quot;&quot;,&quot;sizes&quot;:{&quot;start&quot;:40,&quot;end&quot;:59}},&quot;motion_fx_opacity_direction&quot;:&quot;out-in&quot;,&quot;motion_fx_opacity_level&quot;:{&quot;unit&quot;:&quot;px&quot;,&quot;size&quot;:10,&quot;sizes&quot;:[]},&quot;motion_fx_devices&quot;:[&quot;widescreen&quot;,&quot;desktop&quot;,&quot;laptop&quot;,&quot;tablet_extra&quot;,&quot;tablet&quot;,&quot;mobile&quot;]}\" data-widget_type=\"heading.default\">\n\t\t\t\t\t<h2 class=\"elementor-heading-title elementor-size-default\">Acompa\u00f1ar desde el respeto para transformar el desarrollo de la infancia y la adolescencia.<\/h2>\t\t\t\t<\/div>\n\t\t\t\t<\/div>\n\t\t<div class=\"elementor-element elementor-element-f773049 e-con-full e-flex e-con e-parent\" data-id=\"f773049\" data-element_type=\"container\" data-e-type=\"container\">\n\t\t<div class=\"elementor-element elementor-element-bcb911a e-con-full e-flex e-con e-child\" data-id=\"bcb911a\" data-element_type=\"container\" data-e-type=\"container\">\n\t\t\t\t<div class=\"elementor-element elementor-element-27157ed elementor-widget elementor-widget-heading\" data-id=\"27157ed\" data-element_type=\"widget\" data-e-type=\"widget\" data-widget_type=\"heading.default\">\n\t\t\t\t\t<h2 class=\"elementor-heading-title elementor-size-default\">metodolog\u00eda<\/h2>\t\t\t\t<\/div>\n\t\t\t\t<\/div>\n\t\t<div class=\"elementor-element elementor-element-39b2994 e-con-full e-flex e-con e-child\" data-id=\"39b2994\" data-element_type=\"container\" data-e-type=\"container\">\n\t\t\t\t<div class=\"elementor-element elementor-element-0bc77e2 elementor-widget__width-initial elementor-widget-mobile__width-inherit elementor-widget elementor-widget-text-editor\" data-id=\"0bc77e2\" data-element_type=\"widget\" data-e-type=\"widget\" data-widget_type=\"text-editor.default\">\n\t\t\t\t\t\t\t\t\t<p>Trabajaremos en tres l\u00edneas:<\/p><ul><li>La transmisi\u00f3n de recursos y t\u00e9cnicas espec\u00edficas para el trabajo con los\/as ni\u00f1os\/as, p\u00faberes, adolescentes y familias.<\/li><li>El trabajo individual de los propios profesionales<\/li><li>El trabajo de grupo como red que sostiene y apoya el desarrollo de cada persona.<\/li><\/ul>\t\t\t\t\t\t\t\t<\/div>\n\t\t\t\t<\/div>\n\t\t\t\t<\/div>\n\t\t<div class=\"elementor-element elementor-element-ad21964 e-con-full e-flex e-con e-parent\" data-id=\"ad21964\" data-element_type=\"container\" data-e-type=\"container\">\n\t\t<div class=\"elementor-element elementor-element-ca214ec e-con-full e-flex e-con e-child\" data-id=\"ca214ec\" data-element_type=\"container\" data-e-type=\"container\">\n\t\t\t\t<div class=\"elementor-element elementor-element-3c43f6b elementor-widget__width-initial elementor-widget elementor-widget-image\" data-id=\"3c43f6b\" data-element_type=\"widget\" data-e-type=\"widget\" data-widget_type=\"image.default\">\n\t\t\t\t\t\t\t\t\t\t\t\t\t\t\t<img decoding=\"async\" width=\"1200\" height=\"1600\" src=\"https:\/\/argian.org\/www\/wp-content\/uploads\/2025\/06\/H1B8248-copia.webp\" class=\"attachment-full size-full wp-image-1703\" alt=\"\" srcset=\"https:\/\/argian.org\/www\/wp-content\/uploads\/2025\/06\/H1B8248-copia.webp 1200w, https:\/\/argian.org\/www\/wp-content\/uploads\/2025\/06\/H1B8248-copia-225x300.webp 225w, https:\/\/argian.org\/www\/wp-content\/uploads\/2025\/06\/H1B8248-copia-768x1024.webp 768w, https:\/\/argian.org\/www\/wp-content\/uploads\/2025\/06\/H1B8248-copia-1152x1536.webp 1152w\" sizes=\"(max-width: 1200px) 100vw, 1200px\" \/>\t\t\t\t\t\t\t\t\t\t\t\t\t\t\t<\/div>\n\t\t\t\t<\/div>\n\t\t<div class=\"elementor-element elementor-element-1a9a19d e-con-full e-flex e-con e-child\" data-id=\"1a9a19d\" data-element_type=\"container\" data-e-type=\"container\">\n\t\t\t\t<div class=\"elementor-element elementor-element-93ed396 elementor-widget__width-initial elementor-widget-mobile__width-inherit elementor-widget elementor-widget-text-editor\" data-id=\"93ed396\" data-element_type=\"widget\" data-e-type=\"widget\" data-widget_type=\"text-editor.default\">\n\t\t\t\t\t\t\t\t\t<p>Trabajaremos con una metodolog\u00eda que partir\u00e1 de la vivencia personal para ir hacia la elaboraci\u00f3n conceptual y te\u00f3rica de las herramientas y recursos facilitados en la formaci\u00f3n. Su eje transversal ser\u00e1 el trabajo personal de cada alumno\/a con la intenci\u00f3n de transformarnos y aproximarnos hacia una actitud de acompa\u00f1amiento hacia la infancia y adolescencia basada en el respeto por sus emociones, su mundo interior y su desarrollo m\u00e1s pleno y armonioso posible<\/p>\t\t\t\t\t\t\t\t<\/div>\n\t\t\t\t<\/div>\n\t\t\t\t<\/div>\n\t\t<div class=\"elementor-element elementor-element-32ebb21 e-con-full bg-azul anim-color e-flex e-con e-parent\" data-id=\"32ebb21\" data-element_type=\"container\" data-e-type=\"container\">\n\t\t<div class=\"elementor-element elementor-element-245fe09 e-con-full e-flex e-con e-child\" data-id=\"245fe09\" data-element_type=\"container\" data-e-type=\"container\">\n\t\t<div class=\"elementor-element elementor-element-42a577f e-con-full e-flex e-con e-child\" data-id=\"42a577f\" data-element_type=\"container\" data-e-type=\"container\">\n\t\t\t\t<div class=\"elementor-element elementor-element-c603dc4 elementor-widget__width-initial elementor-widget-mobile__width-inherit elementor-widget elementor-widget-text-editor\" data-id=\"c603dc4\" data-element_type=\"widget\" data-e-type=\"widget\" data-widget_type=\"text-editor.default\">\n\t\t\t\t\t\t\t\t\t<p>PROFESORADO<\/p><p>Tenemos la suerte de contar con profesionales de una larga experiencia<\/p>\t\t\t\t\t\t\t\t<\/div>\n\t\t\t\t<\/div>\n\t\t<div class=\"elementor-element elementor-element-809f1b9 e-con-full e-flex e-con e-child\" data-id=\"809f1b9\" data-element_type=\"container\" data-e-type=\"container\">\n\t\t\t\t<div class=\"elementor-element elementor-element-a7c718d elementor-widget__width-initial elementor-widget-tablet__width-inherit elementor-widget elementor-widget-text-editor\" data-id=\"a7c718d\" data-element_type=\"widget\" data-e-type=\"widget\" data-widget_type=\"text-editor.default\">\n\t\t\t\t\t\t\t\t\t<p>Laura Pont<br \/>Tania Rojo<br \/><span style=\"font-family: -apple-system, BlinkMacSystemFont, 'Segoe UI', Roboto, 'Helvetica Neue', Arial, 'Noto Sans', sans-serif, 'Apple Color Emoji', 'Segoe UI Emoji', 'Segoe UI Symbol', 'Noto Color Emoji';\">Mart\u00edn Padilla<br \/><\/span><span style=\"font-family: -apple-system, BlinkMacSystemFont, 'Segoe UI', Roboto, 'Helvetica Neue', Arial, 'Noto Sans', sans-serif, 'Apple Color Emoji', 'Segoe UI Emoji', 'Segoe UI Symbol', 'Noto Color Emoji';\">Aina Argem\u00ed<br \/><\/span><span style=\"font-family: -apple-system, BlinkMacSystemFont, 'Segoe UI', Roboto, 'Helvetica Neue', Arial, 'Noto Sans', sans-serif, 'Apple Color Emoji', 'Segoe UI Emoji', 'Segoe UI Symbol', 'Noto Color Emoji';\">Angelina Masdeu<br \/><\/span><span style=\"font-family: -apple-system, BlinkMacSystemFont, 'Segoe UI', Roboto, 'Helvetica Neue', Arial, 'Noto Sans', sans-serif, 'Apple Color Emoji', 'Segoe UI Emoji', 'Segoe UI Symbol', 'Noto Color Emoji';\">Neus Llop<\/span><\/p>\t\t\t\t\t\t\t\t<\/div>\n\t\t\t\t<\/div>\n\t\t\t\t<\/div>\n\t\t<div class=\"elementor-element elementor-element-02b9c71 e-con-full e-flex e-con e-child\" data-id=\"02b9c71\" data-element_type=\"container\" data-e-type=\"container\">\n\t\t<div class=\"elementor-element elementor-element-89c9643 e-con-full e-flex e-con e-child\" data-id=\"89c9643\" data-element_type=\"container\" data-e-type=\"container\">\n\t\t\t\t<div class=\"elementor-element elementor-element-d98044a elementor-widget__width-initial elementor-widget elementor-widget-text-editor\" data-id=\"d98044a\" data-element_type=\"widget\" data-e-type=\"widget\" data-widget_type=\"text-editor.default\">\n\t\t\t\t\t\t\t\t\t<p>DIRECCI\u00d3N<\/p>\t\t\t\t\t\t\t\t<\/div>\n\t\t\t\t<\/div>\n\t\t<div class=\"elementor-element elementor-element-420d962 e-con-full e-flex e-con e-child\" data-id=\"420d962\" data-element_type=\"container\" data-e-type=\"container\">\n\t\t\t\t<div class=\"elementor-element elementor-element-eee744e elementor-widget__width-initial elementor-widget-laptop__width-inherit elementor-widget elementor-widget-text-editor\" data-id=\"eee744e\" data-element_type=\"widget\" data-e-type=\"widget\" data-widget_type=\"text-editor.default\">\n\t\t\t\t\t\t\t\t\t<p>Laura Pont<\/p>\t\t\t\t\t\t\t\t<\/div>\n\t\t\t\t<\/div>\n\t\t\t\t<\/div>\n\t\t<div class=\"elementor-element elementor-element-0d3973b e-con-full e-flex e-con e-child\" data-id=\"0d3973b\" data-element_type=\"container\" data-e-type=\"container\">\n\t\t<div class=\"elementor-element elementor-element-8c71bb7 e-con-full e-flex e-con e-child\" data-id=\"8c71bb7\" data-element_type=\"container\" data-e-type=\"container\">\n\t\t\t\t<div class=\"elementor-element elementor-element-618be1c elementor-widget__width-initial elementor-widget elementor-widget-text-editor\" data-id=\"618be1c\" data-element_type=\"widget\" data-e-type=\"widget\" data-widget_type=\"text-editor.default\">\n\t\t\t\t\t\t\t\t\t<p>COORDINACI\u00d3N<\/p>\t\t\t\t\t\t\t\t<\/div>\n\t\t\t\t<\/div>\n\t\t<div class=\"elementor-element elementor-element-6edf370 e-con-full e-flex e-con e-child\" data-id=\"6edf370\" data-element_type=\"container\" data-e-type=\"container\">\n\t\t\t\t<div class=\"elementor-element elementor-element-6ac8d8c elementor-widget__width-initial elementor-widget elementor-widget-text-editor\" data-id=\"6ac8d8c\" data-element_type=\"widget\" data-e-type=\"widget\" data-widget_type=\"text-editor.default\">\n\t\t\t\t\t\t\t\t\t<p>Argian<\/p>\t\t\t\t\t\t\t\t<\/div>\n\t\t\t\t<\/div>\n\t\t\t\t<\/div>\n\t\t<div class=\"elementor-element elementor-element-b30dea9 e-con-full e-flex e-con e-child\" data-id=\"b30dea9\" data-element_type=\"container\" data-e-type=\"container\">\n\t\t<div class=\"elementor-element elementor-element-2ac9021 e-con-full e-flex e-con e-child\" data-id=\"2ac9021\" data-element_type=\"container\" data-e-type=\"container\">\n\t\t\t\t<div class=\"elementor-element elementor-element-8a0fe82 elementor-widget elementor-widget-text-editor\" data-id=\"8a0fe82\" data-element_type=\"widget\" data-e-type=\"widget\" data-widget_type=\"text-editor.default\">\n\t\t\t\t\t\t\t\t\t<p>*Esta formaci\u00f3n est\u00e1 dirigida a profesionales de la ayuda, como psic\u00f3logos, terapeutas, educadores, trabajadores sociales, profesionales en PNL y Coaching, Counselling, y asesoramiento, entre otros. Est\u00e1 dise\u00f1ada para quienes acompa\u00f1an no solo a ni\u00f1os\/as y adolescentes, sino tambi\u00e9n a adultos y sus familias. Adem\u00e1s, es especialmente valiosa para quienes deseen integrarla en su propio proceso de crecimiento personal, permiti\u00e9ndoles acompa\u00f1arse a s\u00ed mismos desde un espacio de mayor bienestar y equilibrio.<\/p><p>*Formaci\u00f3n con horas reconocidas por el Departament d\u2019Ensenyament de la Generalitat (solo para maestros). Para este nuevo curso volvemos a estar en tr\u00e1mites para poder conseguir el reconocimiento.<\/p>\t\t\t\t\t\t\t\t<\/div>\n\t\t\t\t<\/div>\n\t\t<div class=\"elementor-element elementor-element-86d9fc4 e-con-full elementor-hidden-tablet e-flex e-con e-child\" data-id=\"86d9fc4\" data-element_type=\"container\" data-e-type=\"container\">\n\t\t\t\t<\/div>\n\t\t\t\t<\/div>\n\t\t\t\t<\/div>\n\t\t<div class=\"elementor-element elementor-element-becd690 e-con-full bg-faro anim-color e-flex e-con e-parent\" data-id=\"becd690\" data-element_type=\"container\" data-e-type=\"container\" --dur-color=\"\">\n\t\t\t\t<div class=\"elementor-element elementor-element-95b80c5 elementor-widget elementor-widget-heading\" data-id=\"95b80c5\" data-element_type=\"widget\" data-e-type=\"widget\" data-widget_type=\"heading.default\">\n\t\t\t\t\t<h2 class=\"elementor-heading-title elementor-size-default\">\u00a1Continuemos con el viaje, <br>\nlos faros nos gu\u00edan!<\/h2>\t\t\t\t<\/div>\n\t\t\t\t<div class=\"elementor-element elementor-element-b3effb3 anim-pulse elementor-widget elementor-widget-button\" data-id=\"b3effb3\" data-element_type=\"widget\" data-e-type=\"widget\" data-widget_type=\"button.default\">\n\t\t\t\t\t\t\t\t\t\t<a class=\"elementor-button elementor-button-link elementor-size-sm\" href=\"https:\/\/argian.org\/www\/contacto\">\n\t\t\t\t\t\t<span class=\"elementor-button-content-wrapper\">\n\t\t\t\t\t\t\t\t\t<span class=\"elementor-button-text\">Cont\u00e1ctanos<\/span>\n\t\t\t\t\t<\/span>\n\t\t\t\t\t<\/a>\n\t\t\t\t\t\t\t\t<\/div>\n\t\t\t\t<\/div>\n\t\t\t\t<\/div>\n\t\t","protected":false},"excerpt":{"rendered":"<p>Gestalt aplicada a la infancia y adolescencia Es una formaci\u00f3n dirigida al aprendizaje, vivencia y aplicaci\u00f3n de las herramientas y recursos gest\u00e1lticos desde una mirada sist\u00e9mica y de automaternaje para el acompa\u00f1amiento del ni\u00f1o\/a, del adolescente y sus familias. Una propuesta con la que acercar al profesional de la ayuda y a las personas que [&hellip;]<\/p>\n","protected":false},"author":1,"featured_media":0,"parent":0,"menu_order":0,"comment_status":"closed","ping_status":"closed","template":"elementor_header_footer","meta":{"footnotes":""},"class_list":["post-1679","page","type-page","status-publish","hentry"],"_links":{"self":[{"href":"https:\/\/argian.org\/www\/wp-json\/wp\/v2\/pages\/1679","targetHints":{"allow":["GET"]}}],"collection":[{"href":"https:\/\/argian.org\/www\/wp-json\/wp\/v2\/pages"}],"about":[{"href":"https:\/\/argian.org\/www\/wp-json\/wp\/v2\/types\/page"}],"author":[{"embeddable":true,"href":"https:\/\/argian.org\/www\/wp-json\/wp\/v2\/users\/1"}],"replies":[{"embeddable":true,"href":"https:\/\/argian.org\/www\/wp-json\/wp\/v2\/comments?post=1679"}],"version-history":[{"count":73,"href":"https:\/\/argian.org\/www\/wp-json\/wp\/v2\/pages\/1679\/revisions"}],"predecessor-version":[{"id":1910,"href":"https:\/\/argian.org\/www\/wp-json\/wp\/v2\/pages\/1679\/revisions\/1910"}],"wp:attachment":[{"href":"https:\/\/argian.org\/www\/wp-json\/wp\/v2\/media?parent=1679"}],"curies":[{"name":"wp","href":"https:\/\/api.w.org\/{rel}","templated":true}]}}